{"id":1265,"date":"2019-10-23T15:53:23","date_gmt":"2019-10-23T13:53:23","guid":{"rendered":"http:\/\/breakandstart.fr\/?page_id=1265"},"modified":"2019-10-23T15:53:23","modified_gmt":"2019-10-23T13:53:23","slug":"instructeur-misa","status":"publish","type":"page","link":"https:\/\/new.breakandstart.fr\/index.php\/instructeur-misa\/","title":{"rendered":"Instructeur MISA"},"content":{"rendered":"<p>Certifi\u00e9 par l&#8217;association international MISA (Massage In School Association) en tant qu&#8217;Instructeur MISP, je vous propose d&#8217;intervenir:<\/p>\n<ul>\n<li>dans vos \u00e9coles<\/li>\n<li>centre p\u00e9ri scolaires,<\/li>\n<li>centre sociaux<\/li>\n<li>\u00e0 votre domicile (parents\/enfants)<\/li>\n<li>&#8230;<\/li>\n<\/ul>\n<p>Pour mettre en place des routines de massages v\u00eatus <strong>entre enfants<\/strong> pour:<\/p>\n<ul>\n<li>Pr\u00e9parer l&#8217;enfant \u00e0 un apprentissage plus facile,<\/li>\n<li>apaiser les journ\u00e9es vivantes,<\/li>\n<li>apprendre le respect d&#8217;autrui,<\/li>\n<li>diminuer la violence entre les enfants,<\/li>\n<li>&#8230;<\/li>\n<\/ul>\n<p>Il est aussi possible de r\u00e9aliser des ateliers parents\/enfants avec aussi des s\u00e9ances &#8220;kin\u00e9-tactile&#8221; qui allient le jeu, le partage, le toucher et d\u00e9veloppe aussi beaucoup de communication.<\/p>\n<p><a href=\"http:\/\/new.breakandstart.fr\/wp-content\/uploads\/2019\/10\/1522483-686831748043585-6977913808341304621-o.jpg\"><img loading=\"lazy\" class=\"size-medium wp-image-1269 alignleft\" src=\"http:\/\/new.breakandstart.fr\/wp-content\/uploads\/2019\/10\/1522483-686831748043585-6977913808341304621-o-300x108.jpg\" alt=\"\" width=\"300\" height=\"108\" srcset=\"https:\/\/new.breakandstart.fr\/wp-content\/uploads\/2019\/10\/1522483-686831748043585-6977913808341304621-o-300x108.jpg 300w, https:\/\/new.breakandstart.fr\/wp-content\/uploads\/2019\/10\/1522483-686831748043585-6977913808341304621-o-1024x370.jpg 1024w, https:\/\/new.breakandstart.fr\/wp-content\/uploads\/2019\/10\/1522483-686831748043585-6977913808341304621-o-768x277.jpg 768w, https:\/\/new.breakandstart.fr\/wp-content\/uploads\/2019\/10\/1522483-686831748043585-6977913808341304621-o-1536x555.jpg 1536w, https:\/\/new.breakandstart.fr\/wp-content\/uploads\/2019\/10\/1522483-686831748043585-6977913808341304621-o.jpg 1800w\" sizes=\"(max-width: 300px) 100vw, 300px\" \/><\/a> <a href=\"http:\/\/new.breakandstart.fr\/wp-content\/uploads\/2019\/10\/entete02a-mt.png\"><img loading=\"lazy\" class=\"size-medium wp-image-1270 alignright\" src=\"http:\/\/new.breakandstart.fr\/wp-content\/uploads\/2019\/10\/entete02a-mt.png\" alt=\"\" width=\"250\" height=\"146\" \/><\/a><\/p>\n<p>&nbsp;<\/p>\n<p>&nbsp;<\/p>\n<p>&nbsp;<\/p>\n<p>Je vous invite \u00e0 aller voir la page MISA pour mieux appr\u00e9hender la m\u00e9thode:<br \/>\n<a href=\"https:\/\/www.misa-france.fr\/lassociation\/le-programme-misptm\">https:\/\/www.misa-france.fr\/lassociation\/le-programme-misptm<\/a><\/p>\n<p>&nbsp;<\/p>\n<p><a href=\"http:\/\/new.breakandstart.fr\/wp-content\/uploads\/2019\/10\/MISA-Principe.jpg\"><img loading=\"lazy\" class=\"aligncenter size-large wp-image-1271\" src=\"http:\/\/new.breakandstart.fr\/wp-content\/uploads\/2019\/10\/MISA-Principe-725x1024.jpg\" alt=\"\" width=\"725\" height=\"1024\" srcset=\"https:\/\/new.breakandstart.fr\/wp-content\/uploads\/2019\/10\/MISA-Principe-725x1024.jpg 725w, https:\/\/new.breakandstart.fr\/wp-content\/uploads\/2019\/10\/MISA-Principe-212x300.jpg 212w, https:\/\/new.breakandstart.fr\/wp-content\/uploads\/2019\/10\/MISA-Principe-768x1084.jpg 768w, https:\/\/new.breakandstart.fr\/wp-content\/uploads\/2019\/10\/MISA-Principe-1088x1536.jpg 1088w, https:\/\/new.breakandstart.fr\/wp-content\/uploads\/2019\/10\/MISA-Principe-1450x2048.jpg 1450w, https:\/\/new.breakandstart.fr\/wp-content\/uploads\/2019\/10\/MISA-Principe-scaled.jpg 1813w\" sizes=\"(max-width: 725px) 100vw, 725px\" \/><\/a><\/p>\n<p>&nbsp;<\/p>\n","protected":false},"excerpt":{"rendered":"<p>Certifi\u00e9 par l&#8217;association international MISA (Massage In School Association) en tant qu&#8217;Instructeur MISP, je vous propose d&#8217;intervenir: dans vos [&hellip;]<\/p>\n","protected":false},"author":1,"featured_media":0,"parent":0,"menu_order":0,"comment_status":"closed","ping_status":"closed","template":"","meta":[],"_links":{"self":[{"href":"https:\/\/new.breakandstart.fr\/index.php\/wp-json\/wp\/v2\/pages\/1265"}],"collection":[{"href":"https:\/\/new.breakandstart.fr\/index.php\/wp-json\/wp\/v2\/pages"}],"about":[{"href":"https:\/\/new.breakandstart.fr\/index.php\/wp-json\/wp\/v2\/types\/page"}],"author":[{"embeddable":true,"href":"https:\/\/new.breakandstart.fr\/index.php\/wp-json\/wp\/v2\/users\/1"}],"replies":[{"embeddable":true,"href":"https:\/\/new.breakandstart.fr\/index.php\/wp-json\/wp\/v2\/comments?post=1265"}],"version-history":[{"count":0,"href":"https:\/\/new.breakandstart.fr\/index.php\/wp-json\/wp\/v2\/pages\/1265\/revisions"}],"wp:attachment":[{"href":"https:\/\/new.breakandstart.fr\/index.php\/wp-json\/wp\/v2\/media?parent=1265"}],"curies":[{"name":"wp","href":"https:\/\/api.w.org\/{rel}","templated":true}]}}