{"id":1378,"date":"2020-03-02T15:49:29","date_gmt":"2020-03-02T14:49:29","guid":{"rendered":"http:\/\/breakandstart.fr\/?page_id=1378"},"modified":"2020-03-02T15:49:29","modified_gmt":"2020-03-02T14:49:29","slug":"partenaires","status":"publish","type":"page","link":"https:\/\/new.breakandstart.fr\/index.php\/partenaires\/","title":{"rendered":"Partenaires"},"content":{"rendered":"<p>Voici une liste non exhaustive des partenaires avec qui je travaille et avec qui vous serez en toute confiance<\/p>\n<p>Habillement \/ Sports \/ Praticiens\/ H\u00f4tel\/ Ev\u00e8nementiel&#8230;<\/p>\n<p><a href=\"https:\/\/www.marmulefabric.fr\/\">www.marmulefabric.com<\/a><\/p>\n<p><a href=\"https:\/\/crossfitchallans.fr\/\">https:\/\/crossfitchallans.fr\/<\/a><\/p>\n<p><a href=\"http:\/\/quaidescreateurs.com\/\">http:\/\/quaidescreateurs.com\/<\/a><\/p>\n<p><a href=\"https:\/\/www.luxoreflex.net\/\">https:\/\/www.luxoreflex.net\/<\/a><\/p>\n<p><a href=\"https:\/\/ellemfitness.com\/\">https:\/\/ellemfitness.com\/<\/a><\/p>\n<p><a href=\"https:\/\/www.facebook.com\/QApreparateurphysique\/\">qa Trainer Pr\u00e9parateur Sportif<\/a><\/p>\n<p><a href=\"https:\/\/www.tcsoullans.fr\/\">https:\/\/www.tcsoullans.fr\/<\/a><\/p>\n<p><a href=\"https:\/\/www.lsevents.fr\/\">https:\/\/www.lsevents.fr\/<\/a><\/p>\n<p><a href=\"https:\/\/www.pineau-coaching.fr\/author\/benoit-pineau\/\">https:\/\/www.pineau-coaching.fr\/author\/benoit-pineau\/<\/a><\/p>\n<p><a href=\"https:\/\/www.facebook.com\/pg\/anaisdieteticienneadomicile\/about\/?ref=page_internal\">Ana\u00efs L&#8217;Aumonier Di\u00e9t\u00e9ticienne Saint Jean de Monts<\/a><\/p>\n<p><a href=\"https:\/\/www.facebook.com\/marionflecherdieteticienne\/\">Marion Fl\u00e9cher &#8211; Di\u00e9t\u00e9ticienne &#8211; Challans<\/a><\/p>\n<p><a href=\"https:\/\/www.legerthe.fr\/\">https:\/\/www.legerthe.fr\/<\/a><\/p>\n<p><a href=\"https:\/\/www.aroma-zone.com\/\">https:\/\/www.aroma-zone.com\/<\/a><\/p>\n<p><a href=\"https:\/\/denis-gaugendeau.fr\/\">Denis-Gaugendeau Masseur Saint Nazaire<\/a><\/p>\n<p><a href=\"https:\/\/www.ifjs.fr\/\">https:\/\/www.ifjs.fr\/<\/a><\/p>\n<p><a href=\"https:\/\/www.kerananda.com\/\">Kerananda Masseuse et formatrice sur Rennes<\/a><\/p>\n<p><a href=\"https:\/\/www.sainthilairederiez.fr\/multiplexe-aquatique\/\">https:\/\/www.sainthilairederiez.fr\/multiplexe-aquatique\/<\/a><\/p>\n<p><a href=\"https:\/\/hotel-challans.net\/\">Hotel Le Manoir de l&#8217;Antiquit\u00e9<\/a><\/p>\n<p><a href=\"http:\/\/comitedesfeteschallans.unblog.fr\/\">Comit\u00e9 des f\u00eates de Challans<\/a><\/p>\n<p><a href=\"https:\/\/www.fleurs-challans.com\/\">Fleuriste La Halle aux Fleurs<\/a><\/p>\n<p><a href=\"https:\/\/www.monmagasinprefere.fr\/\">https:\/\/www.monmagasinprefere.fr\/<\/a><\/p>\n<p><a href=\"https:\/\/www.ludion-massage.com\/\">https:\/\/www.ludion-massage.com\/<\/a><\/p>\n<p><a href=\"http:\/\/imprimerie-challandaise.com\/\">http:\/\/imprimerie-challandaise.com\/<\/a><\/p>\n<p><a href=\"https:\/\/www.gite-sodelices.com\/\">https:\/\/www.gite-sodelices.com\/<\/a><\/p>\n<p><a href=\"https:\/\/www.inbs.io\/\">INBS<\/a><\/p>\n<p><a href=\"http:\/\/www.diamonds-academy.fr\/?fbclid=IwAR1AElzpteZw1L31itCJaatGSKzJEtdMCyklFKhCDOfCL2zymazKkEoc6ag\">Diamon academy<\/a><\/p>\n<p><a href=\"https:\/\/www.restaurantlefloral.fr\/\">Le Floral<\/a><\/p>\n<p><a href=\"http:\/\/www.creatchoc.fr\/\">Creatchoc<\/a><\/p>\n<p>&nbsp;<\/p>\n<p>&nbsp;<\/p>\n","protected":false},"excerpt":{"rendered":"<p>Voici une liste non exhaustive des partenaires avec qui je travaille et avec qui vous serez en toute confiance [&hellip;]<\/p>\n","protected":false},"author":1,"featured_media":0,"parent":0,"menu_order":0,"comment_status":"closed","ping_status":"closed","template":"","meta":[],"_links":{"self":[{"href":"https:\/\/new.breakandstart.fr\/index.php\/wp-json\/wp\/v2\/pages\/1378"}],"collection":[{"href":"https:\/\/new.breakandstart.fr\/index.php\/wp-json\/wp\/v2\/pages"}],"about":[{"href":"https:\/\/new.breakandstart.fr\/index.php\/wp-json\/wp\/v2\/types\/page"}],"author":[{"embeddable":true,"href":"https:\/\/new.breakandstart.fr\/index.php\/wp-json\/wp\/v2\/users\/1"}],"replies":[{"embeddable":true,"href":"https:\/\/new.breakandstart.fr\/index.php\/wp-json\/wp\/v2\/comments?post=1378"}],"version-history":[{"count":0,"href":"https:\/\/new.breakandstart.fr\/index.php\/wp-json\/wp\/v2\/pages\/1378\/revisions"}],"wp:attachment":[{"href":"https:\/\/new.breakandstart.fr\/index.php\/wp-json\/wp\/v2\/media?parent=1378"}],"curies":[{"name":"wp","href":"https:\/\/api.w.org\/{rel}","templated":true}]}}