{"id":1421,"date":"2018-08-16T16:08:39","date_gmt":"2018-08-16T14:08:39","guid":{"rendered":"http:\/\/breakandstart.fr\/?page_id=7"},"modified":"2018-08-16T16:08:39","modified_gmt":"2018-08-16T14:08:39","slug":"accueil","status":"publish","type":"page","link":"https:\/\/new.breakandstart.fr\/index.php\/accueil\/","title":{"rendered":"Accueil"},"content":{"rendered":"<p style=\"text-align: center;\">&nbsp;<\/p>\n<div class=\"csRow\">\n<div class=\"csColumnGap\" style=\"margin: 0px; padding: 0px; float: left; width: 0.104%;\"><img class=\"aligncenter\" style=\"border: none;\" src=\"http:\/\/breakandstart.fr\/wp-content\/plugins\/advanced-wp-columns\/assets\/js\/plugins\/views\/img\/1x1-pixel.png\"><\/div>\n<div class=\"csColumn\" style=\"margin: 0px; padding: 0px; float: left; width: 32.7%; text-align: center;\" data-csstartpoint=\"1\" data-csendpoint=\"315\" data-cswidth=\"32.7%\" data-csid=\"db408448-23ba-ad00-80bf-ffd8023f6004\">\n<p>&nbsp;<\/p>\n<p>&nbsp;<\/p>\n<p><a href=\"http:\/\/breakandstart.fr\/?page_id=48\"><img loading=\"lazy\" class=\"aligncenter size-thumbnail wp-image-1050\" src=\"http:\/\/breakandstart.fr\/wp-content\/uploads\/2019\/02\/Logo-Pause-VALIDE-1.gif\" alt=\"\" width=\"1\" height=\"1\"><\/a><\/p>\n<p><a class=\"fasc-button fasc-size-large fasc-type-glossy fasc-rounded-medium fasc-ico-before dashicons-admin-site fasc-style-bold fasc-style-italic\" style=\"background-color: #5af5f0; color: #ffffff;\" href=\"http:\/\/breakandstart.fr\/?page_id=48\">Particuliers<\/a><\/p>\n<\/div>\n<div class=\"csColumnGap\" style=\"margin: 0px; padding: 0px; float: left; width: 1.56%; text-align: center;\"><img style=\"border: none;\" src=\"http:\/\/breakandstart.fr\/wp-content\/plugins\/advanced-wp-columns\/assets\/js\/plugins\/views\/img\/1x1-pixel.png\"><\/div>\n<div class=\"csColumn\" style=\"margin: 0px; padding: 0px; float: left; width: 31.3%; text-align: center;\" data-csstartpoint=\"330\" data-csendpoint=\"630\" data-cswidth=\"31.3%\" data-csid=\"24de30ff-ac1d-bffe-ae7e-0dc0b71bae6b\">\n<p><a href=\"http:\/\/breakandstart.fr\/?page_id=70\"><img loading=\"lazy\" class=\"aligncenter size-thumbnail wp-image-1049\" src=\"http:\/\/breakandstart.fr\/wp-content\/uploads\/2019\/02\/Logo-Break-and-Start-OK.gif\" alt=\"\" width=\"1\" height=\"1\"><\/a><\/p>\n<p><a class=\"fasc-button fasc-size-large fasc-type-glossy fasc-rounded-medium fasc-ico-before dashicons-dashboard fasc-style-bold fasc-style-italic\" style=\"background-color: #000000; color: #30fa0d;\" href=\"http:\/\/breakandstart.fr\/?page_id=70\">Professionnels<\/a><\/p>\n<\/div>\n<div class=\"csColumn\" style=\"margin: 0px; padding: 0px; float: left; width: 32.8%;\" data-csstartpoint=\"645\" data-csendpoint=\"960\" data-cswidth=\"32.8%\" data-csid=\"a8b98d2e-2062-64d7-985a-8ab3604d7bea\">\n<p>&nbsp;<\/p>\n<p>&nbsp;<\/p>\n<p><a href=\"http:\/\/breakandstart.fr\/?page_id=49\"><img loading=\"lazy\" class=\"aligncenter size-thumbnail wp-image-1051\" src=\"http:\/\/breakandstart.fr\/wp-content\/uploads\/2019\/02\/Logo-Play-OK-1.gif\" alt=\"\" width=\"1\" height=\"1\"><\/a><\/p>\n<p style=\"text-align: center;\"><a class=\"fasc-button fasc-size-large fasc-type-glossy fasc-rounded-medium fasc-ico-before dashicons-universal-access fasc-style-bold fasc-style-italic\" style=\"background-color: #ff8800; color: #ffffff;\" href=\"http:\/\/breakandstart.fr\/?page_id=49\">Sportifs<\/a>&nbsp;<\/p>\n<\/div>\n<\/div>\n<p style=\"text-align: center;\">Bienvenue<\/p>\n<p style=\"text-align: center;\">Le Bien \u00catre au quotidien pour vous et pour votre environnement.<\/p>\n<p style=\"text-align: center;\">Au travail, \u00e0 la maison, \u00e0 l&#8217;ext\u00e9rieur: une n\u00e9cessit\u00e9<\/p>\n<p style=\"text-align: center;\"><em>-Laurent Van Beekum- Analyste et Masseur Bien-\u00catre \u00e0 votre Domicile<br \/>\n<\/em><\/p>\n<p style=\"text-align: center;\">&nbsp;<\/p>\n<h1><span class=\"blue-color\">Pr\u00e9sentation des massages de bien-\u00eatre au travail<\/span><\/h1>\n<p>Le massage en entreprise est pr\u00e9conis\u00e9 pour lutter contre les g\u00eanes pouvant provenir de l\u2019exercice d\u2019un <a href=\"http:\/\/new.breakandstart.fr\/wp-content\/uploads\/2019\/11\/78462739_176577280159830_7714033543067729920_n.jpg\"><img loading=\"lazy\" class=\"size-thumbnail wp-image-1310 alignright\" src=\"http:\/\/new.breakandstart.fr\/wp-content\/uploads\/2019\/11\/78462739_176577280159830_7714033543067729920_n-150x150.jpg\" alt=\"\" width=\"150\" height=\"150\"><\/a>travail. R\u00e9alis\u00e9 au sein m\u00eame de l\u2019\u00e9tablissement, le massage en entreprise soulage efficacement la fatigue physique et intellectuelle li\u00e9e aux t\u00e2ches professionnelles&#8230;<a href=\"http:\/\/breakandstart.fr\/professionnels-breakstart\/\">[en savoir plus]<\/a><\/p>\n<p>&nbsp;<\/p>\n<h1>&nbsp;<\/h1>\n<h1 class=\"entry-title\">Le massage bien-\u00eatre dans le sport?<\/h1>\n<p>Le massage du sportif est une technique \u00e0 la fois souple et tr\u00e8s pr\u00e9cise qui se doit <a href=\"http:\/\/new.breakandstart.fr\/wp-content\/uploads\/2019\/09\/PORTES-OUVERTES-CROSSFIT-6.jpg\"><img loading=\"lazy\" class=\"alignright wp-image-1249 size-thumbnail\" src=\"http:\/\/new.breakandstart.fr\/wp-content\/uploads\/2019\/09\/PORTES-OUVERTES-CROSSFIT-6-150x150.jpg\" alt=\"\" width=\"150\" height=\"150\"><\/a>d\u2019\u00eatre tr\u00e8s personnalis\u00e9e pour r\u00e9pondre aux attentes pr\u00e9cises de chaque sportif dans sa discipline. Elle se doit d\u2019\u00eatre \u00e9galement une technique pragmatique et \u00ab&nbsp;tout terrain&nbsp;\u00bb,&nbsp;praticable aussi bien au sol que sur table, quels que soient les conditions et le temps dont on dispose.<a href=\"http:\/\/breakandstart.fr\/sportifs-play\/\">[en savoir plus]<\/a><\/p>\n<h1>&nbsp;<\/h1>\n<h1 class=\"entry-title\">Le massage bien-\u00eatre tout simplement:<\/h1>\n<p>Les massages bien \u00eatre propos\u00e9s ont pour but la d\u00e9tente du corps et sont donc d\u2019un grand cocooning pour <a href=\"http:\/\/breakandstart.fr\/wp-content\/uploads\/2018\/09\/essentiel-1-e1544448814296.png\"><img loading=\"lazy\" class=\"size-thumbnail wp-image-367 alignright\" src=\"http:\/\/breakandstart.fr\/wp-content\/uploads\/2018\/09\/essentiel-1-e1544448814296-150x150.png\" alt=\"\" width=\"150\" height=\"150\"><\/a>votre plus grand bien mais en aucun cas th\u00e9rapeutique.<\/p>\n<p>En fonction de votre demande, les massages seront adapt\u00e9s.<\/p>\n<p>Par exemple la pression de contact pourra \u00eatre augment\u00e9e ou diminu\u00e9e en fonction de vos tensions musculaires.<a href=\"http:\/\/breakandstart.fr\/particuliers-pause\/\">[en savoir plus]<\/a><\/p>\n<h1>Dans les Ecoles et centres de loisirs:<\/h1>\n<p>La routine de massage pr\u00e9pare l\u2019enfant \u00e0 un apprentissage plus facile, apaise les jou<a href=\"http:\/\/new.breakandstart.fr\/wp-content\/uploads\/2019\/10\/1522483-686831748043585-6977913808341304621-o.jpg\"><img loading=\"lazy\" class=\"size-thumbnail wp-image-1269 alignright\" src=\"http:\/\/new.breakandstart.fr\/wp-content\/uploads\/2019\/10\/1522483-686831748043585-6977913808341304621-o-150x150.jpg\" alt=\"\" width=\"150\" height=\"150\"><\/a>rn\u00e9es vivantes, apprend le respect d\u2019autrui, diminue la violence entre les enfants&#8230;<a href=\"http:\/\/breakandstart.fr\/instructeur-misa\/\">[en savoir plus]<\/a><\/p>\n<p>&nbsp;<\/p>\n<p>&nbsp;<\/p>\n","protected":false},"excerpt":{"rendered":"<p>&nbsp; &nbsp; &nbsp; Particuliers Professionnels &nbsp; &nbsp; Sportifs&nbsp; Bienvenue Le Bien \u00catre au quotidien pour vous et pour votre [&hellip;]<\/p>\n","protected":false},"author":1,"featured_media":0,"parent":0,"menu_order":0,"comment_status":"closed","ping_status":"closed","template":"","meta":[],"_links":{"self":[{"href":"https:\/\/new.breakandstart.fr\/index.php\/wp-json\/wp\/v2\/pages\/1421"}],"collection":[{"href":"https:\/\/new.breakandstart.fr\/index.php\/wp-json\/wp\/v2\/pages"}],"about":[{"href":"https:\/\/new.breakandstart.fr\/index.php\/wp-json\/wp\/v2\/types\/page"}],"author":[{"embeddable":true,"href":"https:\/\/new.breakandstart.fr\/index.php\/wp-json\/wp\/v2\/users\/1"}],"replies":[{"embeddable":true,"href":"https:\/\/new.breakandstart.fr\/index.php\/wp-json\/wp\/v2\/comments?post=1421"}],"version-history":[{"count":0,"href":"https:\/\/new.breakandstart.fr\/index.php\/wp-json\/wp\/v2\/pages\/1421\/revisions"}],"wp:attachment":[{"href":"https:\/\/new.breakandstart.fr\/index.php\/wp-json\/wp\/v2\/media?parent=1421"}],"curies":[{"name":"wp","href":"https:\/\/api.w.org\/{rel}","templated":true}]}}