{"id":1424,"date":"2019-02-18T22:16:45","date_gmt":"2019-02-18T21:16:45","guid":{"rendered":"http:\/\/breakandstart.fr\/?page_id=1056"},"modified":"2019-02-18T22:16:45","modified_gmt":"2019-02-18T21:16:45","slug":"rayon-dintervention","status":"publish","type":"page","link":"https:\/\/new.breakandstart.fr\/index.php\/rayon-dintervention\/","title":{"rendered":"Rayon d&#8217;intervention"},"content":{"rendered":"<p><img loading=\"lazy\" class=\"alignleft wp-image-1057\" src=\"http:\/\/breakandstart.fr\/wp-content\/uploads\/2019\/02\/zone-de-chalandise-300x278.jpg\" alt=\"\" width=\"485\" height=\"450\" \/><\/p>\n<p>&nbsp;<\/p>\n<p>&nbsp;<\/p>\n<p>&nbsp;<\/p>\n<p>&nbsp;<\/p>\n<p>&nbsp;<\/p>\n<p>&nbsp;<\/p>\n<p>&nbsp;<\/p>\n<p>&nbsp;<\/p>\n<p>&nbsp;<\/p>\n<p><em><span style=\"color: #808080;\">Indemnit\u00e9s kilom\u00e9triques \u00e0 partir de 40kms de Commequiers. (cf Tarifs Particuliers)<\/span><\/em><\/p>\n","protected":false},"excerpt":{"rendered":"<p>&nbsp; &nbsp; &nbsp; &nbsp; &nbsp; &nbsp; &nbsp; &nbsp; &nbsp; Indemnit\u00e9s kilom\u00e9triques \u00e0 partir de 40kms de Commequiers. (cf Tarifs [&hellip;]<\/p>\n","protected":false},"author":1,"featured_media":0,"parent":0,"menu_order":0,"comment_status":"closed","ping_status":"closed","template":"","meta":[],"_links":{"self":[{"href":"https:\/\/new.breakandstart.fr\/index.php\/wp-json\/wp\/v2\/pages\/1424"}],"collection":[{"href":"https:\/\/new.breakandstart.fr\/index.php\/wp-json\/wp\/v2\/pages"}],"about":[{"href":"https:\/\/new.breakandstart.fr\/index.php\/wp-json\/wp\/v2\/types\/page"}],"author":[{"embeddable":true,"href":"https:\/\/new.breakandstart.fr\/index.php\/wp-json\/wp\/v2\/users\/1"}],"replies":[{"embeddable":true,"href":"https:\/\/new.breakandstart.fr\/index.php\/wp-json\/wp\/v2\/comments?post=1424"}],"version-history":[{"count":0,"href":"https:\/\/new.breakandstart.fr\/index.php\/wp-json\/wp\/v2\/pages\/1424\/revisions"}],"wp:attachment":[{"href":"https:\/\/new.breakandstart.fr\/index.php\/wp-json\/wp\/v2\/media?parent=1424"}],"curies":[{"name":"wp","href":"https:\/\/api.w.org\/{rel}","templated":true}]}}