{"id":239,"date":"2018-09-12T15:51:14","date_gmt":"2018-09-12T13:51:14","guid":{"rendered":"http:\/\/breakandstart.fr\/?page_id=239"},"modified":"2018-09-12T15:51:14","modified_gmt":"2018-09-12T13:51:14","slug":"principe-methodes-pro","status":"publish","type":"page","link":"https:\/\/new.breakandstart.fr\/index.php\/professionnels-breakstart\/principe-methodes-pro\/","title":{"rendered":"Principe\/M\u00e9thodes"},"content":{"rendered":"<h4><span class=\"blue-color\" style=\"color: #00ccff;\">Pr\u00e9sentation des massages de bien-\u00eatre au travail<\/span><\/h4>\n<p>Le massage en entreprise est pr\u00e9conis\u00e9 pour lutter contre les g\u00eanes pouvant provenir de l\u2019exercice d\u2019un travail. R\u00e9alis\u00e9 au sein m\u00eame de l\u2019\u00e9tablissement, le massage en entreprise soulage efficacement la fatigue physique et intellectuelle li\u00e9e aux t\u00e2ches professionnelles.<a href=\"http:\/\/breakandstart.fr\/professionnels-breakstart\/principe-methodes-pro\/sur-chaise-et-muscles\/\" rel=\"attachment wp-att-522\"><img loading=\"lazy\" class=\"alignright wp-image-522 size-medium\" src=\"http:\/\/breakandstart.fr\/wp-content\/uploads\/2018\/12\/sur-chaise-et-muscles-300x107.jpg\" alt=\"\" width=\"300\" height=\"107\" srcset=\"https:\/\/new.breakandstart.fr\/wp-content\/uploads\/2018\/12\/sur-chaise-et-muscles-300x107.jpg 300w, https:\/\/new.breakandstart.fr\/wp-content\/uploads\/2018\/12\/sur-chaise-et-muscles.jpg 376w\" sizes=\"(max-width: 300px) 100vw, 300px\" \/><\/a><\/p>\n<p>Au traditionnel massage assis sur si\u00e8ge ergonomique, particuli\u00e8rement efficace et adapt\u00e9 aux contraintes de l\u2019entreprise, de nouvelles techniques investissent le bien-\u00eatre au travail : massage habill\u00e9 sur table, Relaxin\u00e9sie &amp; Stretch-massage au sol, massages minute et auto-massages, etc.<\/p>\n<h4><span style=\"color: #00ccff;\"><strong>LE MASSAGE EN ENTREPRISE APPORTE DE NOMBREUX BIENFAITS<br \/>\n<\/strong><\/span><\/h4>\n<ul>\n<li>Valoriser les pauses quotidiennes par un temps de relaxation et de convivialit\u00e9.<\/li>\n<li>Re-dynamiser et tonifier le corps.<\/li>\n<li>Rel\u00e2cher les tensions musculaires et soulager les maux de t\u00eate.<a href=\"http:\/\/breakandstart.fr\/?attachment_id=114\" rel=\"attachment wp-att-115\"><img loading=\"lazy\" class=\"wp-image-114 size-thumbnail alignright\" src=\"http:\/\/breakandstart.fr\/wp-content\/uploads\/2018\/09\/37-150x150.jpg\" alt=\"\" width=\"150\" height=\"150\" srcset=\"https:\/\/new.breakandstart.fr\/wp-content\/uploads\/2018\/09\/37-150x150.jpg 150w, https:\/\/new.breakandstart.fr\/wp-content\/uploads\/2018\/09\/37.jpg 225w\" sizes=\"(max-width: 150px) 100vw, 150px\" \/><\/a><\/li>\n<li>Pr\u00e9venir et\/ou r\u00e9duire le stress.<\/li>\n<li>Augmenter la concentration.<\/li>\n<li>Accro\u00eetre la productivit\u00e9 tout en am\u00e9liorant l\u2019image de l\u2019entreprise.<\/li>\n<\/ul>\n<p>&nbsp;<\/p>\n<p>&nbsp;<\/p>\n<p>&nbsp;<\/p>\n","protected":false},"excerpt":{"rendered":"<p>Pr\u00e9sentation des massages de bien-\u00eatre au travail Le massage en entreprise est pr\u00e9conis\u00e9 pour lutter contre les g\u00eanes pouvant [&hellip;]<\/p>\n","protected":false},"author":1,"featured_media":0,"parent":70,"menu_order":0,"comment_status":"closed","ping_status":"closed","template":"","meta":[],"_links":{"self":[{"href":"https:\/\/new.breakandstart.fr\/index.php\/wp-json\/wp\/v2\/pages\/239"}],"collection":[{"href":"https:\/\/new.breakandstart.fr\/index.php\/wp-json\/wp\/v2\/pages"}],"about":[{"href":"https:\/\/new.breakandstart.fr\/index.php\/wp-json\/wp\/v2\/types\/page"}],"author":[{"embeddable":true,"href":"https:\/\/new.breakandstart.fr\/index.php\/wp-json\/wp\/v2\/users\/1"}],"replies":[{"embeddable":true,"href":"https:\/\/new.breakandstart.fr\/index.php\/wp-json\/wp\/v2\/comments?post=239"}],"version-history":[{"count":0,"href":"https:\/\/new.breakandstart.fr\/index.php\/wp-json\/wp\/v2\/pages\/239\/revisions"}],"up":[{"embeddable":true,"href":"https:\/\/new.breakandstart.fr\/index.php\/wp-json\/wp\/v2\/pages\/70"}],"wp:attachment":[{"href":"https:\/\/new.breakandstart.fr\/index.php\/wp-json\/wp\/v2\/media?parent=239"}],"curies":[{"name":"wp","href":"https:\/\/api.w.org\/{rel}","templated":true}]}}