{"id":247,"date":"2018-09-12T15:54:39","date_gmt":"2018-09-12T13:54:39","guid":{"rendered":"http:\/\/breakandstart.fr\/?page_id=247"},"modified":"2018-09-12T15:54:39","modified_gmt":"2018-09-12T13:54:39","slug":"prestations-du-particulier","status":"publish","type":"page","link":"https:\/\/new.breakandstart.fr\/index.php\/particuliers-pause\/prestations-du-particulier\/","title":{"rendered":"Prestations du Particulier &#038; Tarifs"},"content":{"rendered":"<p><a href=\"http:\/\/new.breakandstart.fr\/wp-content\/uploads\/2019\/05\/Laurent-4-2.jpg\"><img loading=\"lazy\" class=\"alignleft wp-image-1215 \" src=\"http:\/\/new.breakandstart.fr\/wp-content\/uploads\/2019\/05\/Laurent-4-2-200x300.jpg\" alt=\"\" width=\"146\" height=\"220\" \/><\/a>Les massages bien \u00eatre propos\u00e9s ont pour but la d\u00e9tente du corps et sont donc d&#8217;un grand cocooning pour votre plus grand bien mais en aucun cas th\u00e9rapeutique.<\/p>\n<p>En fonction de votre demande, les massages seront adapt\u00e9s.<\/p>\n<p>Par exemple la pression de contact pourra \u00eatre augment\u00e9e ou diminu\u00e9e en fonction de vos tensions musculaires.<\/p>\n<p><span style=\"color: #808080;\"><em>Indemnit\u00e9 kilom\u00e9trique suppl\u00e9mentaire au del\u00e0 de 40Kms de Commequiers (cf ci dessous)<\/em><\/span><\/p>\n<p><span style=\"color: #808080;\"><em>Informations sur des massages ci apr\u00e8s.<\/em><\/span><\/p>\n<table border=\"0\" frame=\"VOID\" rules=\"NONE\" cellspacing=\"0\">\n<colgroup>\n<col width=\"366\" \/>\n<col width=\"113\" \/>\n<col width=\"143\" \/><\/colgroup>\n<tbody>\n<tr>\n<td align=\"LEFT\" valign=\"MIDDLE\" width=\"366\" height=\"50\"><\/td>\n<td style=\"text-align: center;\" align=\"CENTER\" valign=\"MIDDLE\" width=\"113\"><b>Temps de s\u00e9ance en minutes<\/b><\/td>\n<td style=\"text-align: center;\" align=\"CENTER\" valign=\"MIDDLE\" width=\"143\"><b>Tarifs TTC<\/b><\/td>\n<\/tr>\n<tr>\n<td style=\"text-align: center;\" align=\"CENTER\" valign=\"MIDDLE\" bgcolor=\"#000000\" height=\"17\"><b><span style=\"color: #00cccc;\">V\u00eatu<\/span><\/b><\/td>\n<td style=\"text-align: center;\" align=\"LEFT\" valign=\"MIDDLE\"><\/td>\n<td align=\"LEFT\" valign=\"MIDDLE\"><\/td>\n<\/tr>\n<tr>\n<td align=\"LEFT\" valign=\"MIDDLE\" height=\"17\">Massage\u00a0 sur chaise ergonomique puis visage<\/td>\n<td style=\"text-align: center;\" align=\"CENTER\" valign=\"MIDDLE\">15<\/td>\n<td style=\"text-align: center;\" align=\"RIGHT\" valign=\"MIDDLE\" bgcolor=\"#00CCCC\"><b><span style=\"color: #ffffff;\">22 \u20ac<\/span><\/b><\/td>\n<\/tr>\n<tr>\n<td align=\"LEFT\" valign=\"MIDDLE\" height=\"18\">Relaxin\u00e9sie\u00ae (*) sur tatamis ou table+visage<\/td>\n<td style=\"text-align: center;\" align=\"CENTER\" valign=\"MIDDLE\">45<\/td>\n<td style=\"text-align: center;\" align=\"RIGHT\" valign=\"MIDDLE\" bgcolor=\"#00CCCC\"><b><span style=\"color: #ffffff;\">65 \u20ac<\/span><\/b><\/td>\n<\/tr>\n<tr>\n<td align=\"LEFT\" valign=\"MIDDLE\" height=\"17\"><\/td>\n<td style=\"text-align: center;\" align=\"CENTER\" valign=\"MIDDLE\"><\/td>\n<td align=\"LEFT\" valign=\"MIDDLE\"><\/td>\n<\/tr>\n<tr>\n<td style=\"text-align: center;\" align=\"CENTER\" valign=\"MIDDLE\" bgcolor=\"#000000\" height=\"17\"><b><span style=\"color: #00cccc;\">A l&#8217;huile<\/span><\/b><\/td>\n<td style=\"text-align: center;\" align=\"CENTER\" valign=\"MIDDLE\"><\/td>\n<td align=\"LEFT\" valign=\"MIDDLE\"><\/td>\n<\/tr>\n<tr>\n<td align=\"LEFT\" valign=\"MIDDLE\" height=\"17\">Massage dos sur chaise ergonomique ou sur table<\/td>\n<td style=\"text-align: center;\" align=\"CENTER\" valign=\"MIDDLE\">20<\/td>\n<td style=\"text-align: center;\" align=\"RIGHT\" valign=\"MIDDLE\" bgcolor=\"#00CCCC\"><b><span style=\"color: #ffffff;\">25 \u20ac<\/span><\/b><\/td>\n<\/tr>\n<tr>\n<td align=\"LEFT\" valign=\"MIDDLE\" height=\"17\">Massage dos et jambes post\u00e9rieures<\/td>\n<td style=\"text-align: center;\" align=\"CENTER\" valign=\"MIDDLE\">30<\/td>\n<td style=\"text-align: center;\" align=\"RIGHT\" valign=\"MIDDLE\" bgcolor=\"#00CCCC\"><b><span style=\"color: #ffffff;\">33 \u20ac<\/span><\/b><\/td>\n<\/tr>\n<tr>\n<td align=\"LEFT\" valign=\"MIDDLE\" height=\"17\">Massage des jambes sur table<\/td>\n<td style=\"text-align: center;\" align=\"CENTER\" valign=\"MIDDLE\">20<\/td>\n<td style=\"text-align: center;\" align=\"RIGHT\" valign=\"MIDDLE\" bgcolor=\"#00CCCC\"><b><span style=\"color: #ffffff;\">22 \u20ac<\/span><\/b><\/td>\n<\/tr>\n<tr>\n<td align=\"LEFT\" valign=\"MIDDLE\" height=\"17\">Massage Essentiel\u00ae (massage int\u00e9gral+visage)<\/td>\n<td style=\"text-align: center;\" align=\"CENTER\" valign=\"MIDDLE\">60<\/td>\n<td style=\"text-align: center;\" align=\"RIGHT\" valign=\"MIDDLE\" bgcolor=\"#00CCCC\"><b><span style=\"color: #ffffff;\">65 \u20ac<\/span><br \/>\n<\/b><\/td>\n<\/tr>\n<tr>\n<td align=\"LEFT\" valign=\"MIDDLE\" height=\"18\">Massage Grand Relaxant Dos et Jambes post\u00e9rieurs+visage<\/td>\n<td style=\"text-align: center;\" align=\"CENTER\" valign=\"MIDDLE\">45<\/td>\n<td style=\"text-align: center;\" align=\"RIGHT\" valign=\"MIDDLE\" bgcolor=\"#00CCCC\"><b><span style=\"color: #ffffff;\">49 \u20ac<\/span><\/b><\/td>\n<\/tr>\n<tr>\n<td align=\"LEFT\" valign=\"MIDDLE\" height=\"34\">Massage Essentiel en couple (l&#8217;un apr\u00e8s l&#8217;autre)<\/td>\n<td style=\"text-align: center;\" align=\"CENTER\" valign=\"MIDDLE\">120<\/td>\n<td style=\"text-align: center;\" align=\"RIGHT\" valign=\"MIDDLE\" bgcolor=\"#00CCCC\"><b><span style=\"color: #ffffff;\">117 \u20ac<\/span><\/b><\/td>\n<\/tr>\n<tr>\n<td align=\"LEFT\" valign=\"MIDDLE\" height=\"17\">Massage int\u00e9gral du corps et adapt\u00e9 \u00e0 la femme enceinte<\/td>\n<td style=\"text-align: center;\" align=\"CENTER\" valign=\"MIDDLE\">60<\/td>\n<td style=\"text-align: center;\" align=\"RIGHT\" valign=\"MIDDLE\" bgcolor=\"#00CCCC\"><b><span style=\"color: #ffffff;\">65 \u20ac<br \/>\n<\/span><\/b><\/td>\n<\/tr>\n<tr>\n<td align=\"LEFT\" valign=\"MIDDLE\" height=\"17\">Massage int\u00e9gral du corps \u00e0 4 Mains<\/td>\n<td style=\"text-align: center;\" align=\"CENTER\" valign=\"MIDDLE\">40<\/td>\n<td style=\"text-align: center;\" align=\"RIGHT\" valign=\"MIDDLE\" bgcolor=\"#00CCCC\"><b><span style=\"color: #ffffff;\">95 \u20ac<\/span><\/b><\/td>\n<\/tr>\n<tr>\n<td align=\"LEFT\" valign=\"MIDDLE\" height=\"17\"><\/td>\n<td style=\"text-align: center;\" align=\"LEFT\" valign=\"MIDDLE\"><\/td>\n<td style=\"text-align: center;\" align=\"LEFT\" valign=\"MIDDLE\"><\/td>\n<\/tr>\n<tr>\n<td style=\"text-align: center;\" align=\"CENTER\" valign=\"MIDDLE\" bgcolor=\"#000000\" height=\"17\"><b><span style=\"color: #00cccc;\">Prestations<\/span><\/b><\/td>\n<td style=\"text-align: center;\" align=\"LEFT\" valign=\"MIDDLE\"><\/td>\n<td style=\"text-align: center;\" align=\"LEFT\" valign=\"MIDDLE\"><\/td>\n<\/tr>\n<tr>\n<td align=\"LEFT\" valign=\"MIDDLE\" height=\"18\">Prestation Ev\u00eanementielle Particulier 1J \/1 praticien<\/td>\n<td style=\"text-align: center;\" align=\"CENTER\" valign=\"MIDDLE\">8H<\/td>\n<td style=\"text-align: center;\" align=\"RIGHT\" valign=\"MIDDLE\" bgcolor=\"#00CCCC\"><b><span style=\"color: #ffffff;\">315 \u20ac<\/span><\/b><\/td>\n<\/tr>\n<tr>\n<td align=\"LEFT\" valign=\"MIDDLE\" height=\"18\">Prestation Ev\u00eanementielle Particulier 1\/2J \/1 praticien<\/td>\n<td style=\"text-align: center;\" align=\"CENTER\" valign=\"MIDDLE\">4H<\/td>\n<td style=\"text-align: center;\" align=\"RIGHT\" valign=\"MIDDLE\" bgcolor=\"#00CCCC\"><b><span style=\"color: #ffffff;\">180 \u20ac<\/span><\/b><\/td>\n<\/tr>\n<tr>\n<td align=\"LEFT\" valign=\"MIDDLE\" height=\"66\">Enterrement de vie de jeune fille\/gar\u00e7on (EVJF\/EVJG)<br \/>\nMassage Essentiel de 40&#8242; \u00e0 4mains au domicile souhait\u00e9+massage dos ou jambes \u00e0 l&#8217;huile express (15&#8242;) pour les 10 organisateurs. 2 praticiens (*2)<\/td>\n<td style=\"text-align: center;\" align=\"CENTER\" valign=\"MIDDLE\">&#8211;<\/td>\n<td style=\"text-align: center;\" align=\"CENTER\" valign=\"MIDDLE\" bgcolor=\"#00CCCC\"><b><span style=\"color: #ffffff;\">Sur Devis<br \/>\nen fonction<br \/>\nDe vos envies<\/span><\/b><\/td>\n<\/tr>\n<tr>\n<td align=\"LEFT\" valign=\"MIDDLE\" height=\"145\">Enterrement de vie de jeune fille\/gar\u00e7on (EVJF\/EVJG)<br \/>\n&#8220;Tout terrain&#8221;<br \/>\nMassage Essentiel de 1H au domicile souhait\u00e9+massages v\u00eatus ou non pour toute l&#8217;\u00e9quipe au fil de l&#8217;apr\u00e8s midi sur chaise ergonomique, chaise simple&#8230; en mode tout terrain pendant 5H \u00e0 2 praticiens. Equipe de 10 personnes max(*3).<br \/>\nA la plage, dans la for\u00eat, sur un bateau, en ville&#8230;On vous suit partout<\/td>\n<td style=\"text-align: center;\" align=\"CENTER\" valign=\"MIDDLE\">&#8211;<\/td>\n<td style=\"text-align: center;\" align=\"CENTER\" valign=\"MIDDLE\" bgcolor=\"#00CCCC\"><b><span style=\"color: #ffffff;\">Sur Devis<br \/>\nen fonction<br \/>\nDe vos envies<\/span><\/b><\/td>\n<\/tr>\n<tr>\n<td align=\"LEFT\" valign=\"MIDDLE\" height=\"34\">(*2) pendant les vacances scolaires uniquement<br \/>\n(*3) faisable pour + de 10 personnes sur devis<\/td>\n<td style=\"text-align: center;\" align=\"LEFT\" valign=\"MIDDLE\"><\/td>\n<td style=\"text-align: center;\" align=\"LEFT\" valign=\"MIDDLE\"><\/td>\n<\/tr>\n<tr>\n<td align=\"LEFT\" valign=\"MIDDLE\" height=\"17\"><\/td>\n<td style=\"text-align: center;\" align=\"LEFT\" valign=\"MIDDLE\"><\/td>\n<td style=\"text-align: center;\" align=\"LEFT\" valign=\"MIDDLE\"><\/td>\n<\/tr>\n<tr>\n<td align=\"LEFT\" valign=\"MIDDLE\" height=\"34\">Indemnit\u00e9 kilom\u00e9trique suppl\u00e9mentaire<br \/>\nAu del\u00e0 de 40Kms de Commequiers<\/td>\n<td style=\"text-align: center;\" align=\"LEFT\" valign=\"MIDDLE\"><\/td>\n<td style=\"text-align: center;\" align=\"RIGHT\" valign=\"MIDDLE\" bgcolor=\"#00CCCC\"><b><span style=\"color: #ffffff;\">1,44\u20ac\/Km<\/span><\/b><\/td>\n<\/tr>\n<tr>\n<td align=\"LEFT\" valign=\"MIDDLE\" height=\"17\"><\/td>\n<td style=\"text-align: center;\" align=\"LEFT\" valign=\"MIDDLE\"><\/td>\n<td style=\"text-align: center;\" align=\"LEFT\" valign=\"MIDDLE\"><\/td>\n<\/tr>\n<tr>\n<td align=\"LEFT\" valign=\"MIDDLE\" height=\"17\"><i>Temps d&#8217;installation<\/i><\/td>\n<td style=\"text-align: center;\" align=\"LEFT\" valign=\"MIDDLE\"><\/td>\n<td style=\"text-align: center;\" align=\"RIGHT\" valign=\"MIDDLE\" bgcolor=\"#00CCCC\"><b><i><span style=\"color: #ffffff;\">offert<\/span><\/i><\/b><\/td>\n<\/tr>\n<tr>\n<td align=\"LEFT\" valign=\"MIDDLE\" height=\"17\"><i>Temps de trajet&lt;40Kms<\/i><\/td>\n<td style=\"text-align: center;\" align=\"LEFT\" valign=\"MIDDLE\"><\/td>\n<td style=\"text-align: center;\" align=\"RIGHT\" valign=\"MIDDLE\" bgcolor=\"#00CCCC\"><b><i><span style=\"color: #ffffff;\">offert<\/span><\/i><\/b><\/td>\n<\/tr>\n<tr>\n<td align=\"LEFT\" valign=\"MIDDLE\" height=\"17\"><i>Huiles de massages v\u00e9g\u00e9tales BIO n\u00e9cessaires<\/i><\/td>\n<td style=\"text-align: center;\" align=\"LEFT\" valign=\"MIDDLE\"><\/td>\n<td style=\"text-align: center;\" align=\"RIGHT\" valign=\"MIDDLE\" bgcolor=\"#00CCCC\"><b><i><span style=\"color: #ffffff;\">offert<\/span><\/i><\/b><\/td>\n<\/tr>\n<tr>\n<td align=\"LEFT\" valign=\"MIDDLE\" height=\"17\"><i>Huiles essentielles BIO le cas \u00e9ch\u00e9ant n\u00e9cessaires<\/i><\/td>\n<td style=\"text-align: center;\" align=\"LEFT\" valign=\"MIDDLE\"><\/td>\n<td style=\"text-align: center;\" align=\"RIGHT\" valign=\"MIDDLE\" bgcolor=\"#00CCCC\"><b><i><span style=\"color: #ffffff;\">offert<\/span><\/i><\/b><\/td>\n<\/tr>\n<\/tbody>\n<\/table>\n<p><span class=\"orange-color\">(<span style=\"color: #808080;\">*<\/span>) La Relaxin\u00e9sie\u00ae consiste \u00e0 mobiliser les diff\u00e9rentes parties du corps en y associant, dans une s\u00e9ance compl\u00e8te, le massage des extr\u00e9mit\u00e9s (pieds, mains, t\u00eate) afin d\u2019obtenir un rel\u00e2chement complet.<\/span><\/p>\n<p><span class=\"orange-color\">Le Stretch-massage\u00ae est le compl\u00e9ment id\u00e9al de la Relaxin\u00e9sie car, une fois rel\u00e2ch\u00e9, le corps accepte plus ais\u00e9ment les \u00e9tirements.<\/span><\/p>\n<p>Une belle explication du fondateur Jo\u00ebl Savatofski:<\/p>\n<p><iframe title=\"Relaxin\u00e9sie et Stretch-massage\" width=\"640\" height=\"360\" src=\"https:\/\/www.youtube.com\/embed\/SXqjAc-MfRo?start=3&#038;feature=oembed\" frameborder=\"0\" allow=\"accelerometer; autoplay; clipboard-write; encrypted-media; gyroscope; picture-in-picture\" allowfullscreen><\/iframe><\/p>\n<h3><span style=\"color: #000000;\">LE MASSAGE ESSENTIEL\u00ae<\/span><\/h3>\n<p><img loading=\"lazy\" class=\"alignright size-full wp-image-967\" src=\"https:\/\/www.ifjs.fr\/wp-content\/uploads\/2016\/09\/massageessentiel220.jpg\" alt=\"Dessin Massage Essentiel\" width=\"220\" height=\"196\" \/>Le Massage Essentiel est la synth\u00e8se des diff\u00e9rentes techniques californiennes (rythme, fluidit\u00e9, globalit\u00e9, man\u0153uvres enveloppantes) et su\u00e9doises (travail sur les diff\u00e9rentes parties du corps).<\/p>\n<p>Fleuron de notre \u00e9cole en mati\u00e8re de massage bien-\u00eatre, le Massage Essentiel est le fruit de nombreuses ann\u00e9es d\u2019exp\u00e9rience. C\u2019est une prestation de grande qualit\u00e9 qui met en avant l\u2019\u00e9coute, la prise en charge compl\u00e8te et personnalis\u00e9e de la personne relax\u00e9e. Ce massage complet du corps aux huiles essentielles apporte une relaxation profonde, favorise la circulation \u00e9nerg\u00e9tique, r\u00e9active le m\u00e9tabolisme, donne une sensation d\u2019unification et aide \u00e0 mieux vivre son corps. C\u2019est une exp\u00e9rience o\u00f9 l\u2019on retrouve le plaisir de donner et celui de recevoir. De plus en plus utilis\u00e9 et recherch\u00e9, le Massage Essentiel int\u00e9resse les professionnels du soin et du bien-\u00eatre. Il prend en compte la personne dans sa globalit\u00e9, valorise son identit\u00e9 et l\u2019aide \u00e0 d\u00e9couvrir ou retrouver une image valorisante.<\/p>\n<p>Cet apprentissage se fera par un travail localis\u00e9 (technique su\u00e9doise) sur les diff\u00e9rentes parties du corps, dos membres inf\u00e9rieurs et sup\u00e9rieurs, nuque, visage (t\u00eate), ventre. La dimension\u00a0californienne sera abord\u00e9e notamment avec l\u2019utilisation des bras, avant bras, et de la \u00abpleine paume\u00bb, cr\u00e9ant une gestuelle enveloppante, fluide, reliant chaque partie du corps. Ces gestes aux effets rassurants, relaxants mettent en valeur les qualit\u00e9s cr\u00e9atives de chacun et le c\u00f4t\u00e9 artistique du Massage Essentiel. C\u2019est donc, par voie de fait, une excellente fa\u00e7on de se d\u00e9couvrir soi\u2026 et l\u2019artiste qui sommeille en chacun de nous !<\/p>\n<p><a href=\"https:\/\/www.youtube.com\/watch?time_continue=106&amp;v=wjuG3mTTMFs&amp;feature=emb_logo\"><span style=\"color: #808080;\"><em>Vid\u00e9o du fondateur<\/em><\/span><\/a><\/p>\n<h3><span style=\"color: #000000;\">LES MASSAGES MINUTE\u00ae<\/span><\/h3>\n<p>Le principe de base est la d\u00e9tente d\u2019une personne ou d\u2019une zone tendue, ceci quelles que soient les conditions mat\u00e9rielles (v\u00eatu, assis ou m\u00eame debout), le cadre et le temps dont on dispose.<\/p>\n<h4><strong><img loading=\"lazy\" class=\"alignright size-full wp-image-964\" src=\"https:\/\/www.ifjs.fr\/wp-content\/uploads\/2016\/09\/massageminute220.jpg\" alt=\"dessin massage minute\" width=\"220\" height=\"288\" \/><em>Le Massage Anti-Stress Minute<\/em><\/strong><\/h4>\n<p>Peut-\u00eatre le plus connu aujourd\u2019hui, il a donn\u00e9 naissance au Massage assis sur chaise. Il fait partie des must en mati\u00e8re de d\u00e9tente int\u00e9gr\u00e9e aux diff\u00e9rentes situations quotidiennes. Aujourd\u2019hui, la preuve de ses qualit\u00e9s n\u2019est plus \u00e0 d\u00e9montrer. Il peut se pratiquer v\u00eatu, debout ou assis, avec ou sans appui. L\u2019objectif est la d\u00e9tente du haut du corps (dos, nuque, \u00e9paules, etc.). Vous aurez l\u2019occasion d\u2019en faire l\u2019apprentissage dans ses multiples facettes\u2026 comme par exemple, la fameuse man\u0153uvre \u00abanti-stress express\u00bb (quelques secondes !).<\/p>\n<h4><em><strong>Le Massage-minute des mains, des pieds, du visage (t\u00eate)<\/strong><\/em><\/h4>\n<p>Des man\u0153uvres essentielles porteuses d\u2019un bien-\u00eatre certain, des techniques astucieuses permettant un apprentissage en quelques minutes.<\/p>\n<h4><em><strong>Le massage du dos assis (\u00e0 l\u2019huile et avec appui)<\/strong><\/em><\/h4>\n<p>Une fa\u00e7on tr\u00e8s pratique de masser le dos, la nuque : une prise en charge ais\u00e9e, son application peut se faire dans tous les domaines de la vie quotidienne ou professionnelle.<\/p>\n<p>&nbsp;<\/p>\n<h3><span style=\"color: #000000;\">LE MASSAGE ASSIS<\/span><\/h3>\n<p><img loading=\"lazy\" class=\"alignright size-full wp-image-969\" src=\"https:\/\/www.ifjs.fr\/wp-content\/uploads\/2016\/09\/massageassis220.jpg\" alt=\"dessin massage assis\" width=\"220\" height=\"297\" \/>Le massage assis minute a \u00e9t\u00e9 imagin\u00e9 et cr\u00e9\u00e9 par Jo\u00ebl Savatofski pour r\u00e9pondre \u00e0 un besoin de d\u00e9tente, de lien et de convivialit\u00e9.<\/p>\n<p>D\u00e8s 1990, Jo\u00ebl Savatofski descend dans la rue pour sensibiliser le public et populariser cet art en r\u00e9adaptant cette pratique ancestrale \u00e0 notre soci\u00e9t\u00e9 occidentale. Il s\u2019est fait conna\u00eetre \u00e0 travers les op\u00e9rations in\u00e9dites \u00abPause-massage\u00bb, men\u00e9es avec son \u00e9quipe sur les aires autorouti\u00e8res de France, dans le m\u00e9tro parisien, les a\u00e9roports, les entreprises et dans de nombreux \u00e9v\u00e9nementiels comme le T\u00e9l\u00e9thon, les centres commerciaux et m\u00eame \u00e0 la Chambre des d\u00e9put\u00e9s. Cette m\u00e9thode, largement \u00e9prouv\u00e9e aupr\u00e8s de tous les publics, adopt\u00e9e par de nombreux professionnels, fait aujourd\u2019hui \u00e9cole. Elle connait un immense succ\u00e8s, ouvrant la voie \u00e0 un d\u00e9veloppement prometteur du \u00abmassage populaire\u00bb dans notre pays, ce qui engendre de nombreuses cr\u00e9ations d\u2019emploi. Elle est donc ouverte \u00e0 tous ceux ou celles qui partagent cet \u00e9tat d\u2019esprit et ce sens du service.<\/p>\n<p>\u00ab<em>Demain on fera une Pause Massage comme on fait aujourd\u2019hui la pause caf\u00e9\u00a0<\/em>\u00bb avait pari\u00e9 il y d\u00e9j\u00e0 20 ans J. Savatofski, et \u00ab\u00a0<em>Le\u00a0massage assis sera l\u2019outil n\u00b01 de la gestion du stress. Cr\u00e9ateur de liens, de convivialit\u00e9, il contribuera \u00e0 une nouvelle culture d\u2019entreprise. Quant aux animations \u00e9v\u00e9nementielles et manifestations publiques, elles feront appel \u00e0 ce service\u00a0<\/em>\u00bb.<\/p>\n<p>La s\u00e9ance de massage assis minute se pratique \u00e0 m\u00eame les v\u00eatements sur des personnes confortablement install\u00e9es sur un si\u00e8ge ergonomique. Cette technique sp\u00e9cifique de toucher-d\u00e9tente, de courte dur\u00e9e (6 \u00e0 14 minutes selon le flux des personnes pr\u00e9sentes ou le contrat propos\u00e9) est tr\u00e8s efficace. Cr\u00e9ative, ludique, dynamique et conviviale cette m\u00e9thode a \u00e9t\u00e9 con\u00e7ue pour s\u2019adapter \u00e0 chaque personne, \u00e0 chaque situation et \u00eatre abordable par tous.<\/p>\n<p><a href=\"https:\/\/www.youtube.com\/watch?time_continue=166&amp;v=IFkWpWVmrwI&amp;feature=emb_logo\"><span style=\"color: #808080;\"><em>Vid\u00e9o du fondateur<\/em><\/span><\/a><\/p>\n<h3><span style=\"color: #000000;\">LE\u00a0MASSAGE HABILL\u00c9 SUR TABLE<\/span><\/h3>\n<div>\n<div>\n<p>En occident, tel qu\u2019on l\u2019imagine spontan\u00e9ment, le massage se pratique classiquement \u00e0 m\u00eame la peau avec de l\u2019huile, dans des conditions pr\u00e9cises requises pour son bon d\u00e9roulement : calme, musique douce, huile, serviette, chaleur\u2026<\/p>\n<p>Fort heureusement, le massage est un art aux multiples formes, et il n\u2019est nul besoin de se d\u00e9shabiller pour profiter des bienfaits relaxants d\u2019un bon massage. V\u00eatu ou recouvert d\u2019un simple drap de coton, le Massage habill\u00e9 permet, de recevoir une s\u00e9ance de massage sans aucune g\u00eane, sans utiliser de produits (huile, talc, cr\u00e8me), allong\u00e9 sur le dos, sur le ventre, ou sur le c\u00f4t\u00e9, d\u2019appr\u00e9cier un ressenti particuli\u00e8rement agr\u00e9able, imm\u00e9diat et profond. C\u2019est un massage entier et puissant.<\/p>\n<p>Il s\u2019agit d\u2019une technique qui permet une bonne adh\u00e9rence des man\u0153uvres, en associant pressions, \u00e9tirements, p\u00e9trissage, une m\u00e9thode adapt\u00e9e \u00e0 toutes les situations (entreprises, h\u00f4pitaux, centres de sport, de loisirs\u2026), \u00e0 tous les public (enfants, adultes, personnes \u00e2g\u00e9es, handicap\u00e9es\u2026), tous les timings.<\/p>\n<p>Il est le compl\u00e9ment id\u00e9al du massage assis pour des applications en famille, en cabinet, en entreprise, en \u00e9v\u00e9nementiels, en loisirs\u2026<\/p>\n<\/div>\n<p>Ce qui est remarquable avec ce massage, aux effets instantan\u00e9ment relaxants, anti fatigues et \u00e9nerg\u00e9tiques\u2026 c\u2019est qu\u2019il est tr\u00e8s facile \u00e0 proposer et ais\u00e9 \u00e0 pratiquer.<\/p>\n<p>L\u2019essayer c\u2019est l\u2019adopter !<\/p>\n<p>&nbsp;<\/p>\n<\/div>\n","protected":false},"excerpt":{"rendered":"<p>Les massages bien \u00eatre propos\u00e9s ont pour but la d\u00e9tente du corps et sont donc d&#8217;un grand cocooning pour [&hellip;]<\/p>\n","protected":false},"author":1,"featured_media":0,"parent":48,"menu_order":0,"comment_status":"closed","ping_status":"closed","template":"","meta":[],"_links":{"self":[{"href":"https:\/\/new.breakandstart.fr\/index.php\/wp-json\/wp\/v2\/pages\/247"}],"collection":[{"href":"https:\/\/new.breakandstart.fr\/index.php\/wp-json\/wp\/v2\/pages"}],"about":[{"href":"https:\/\/new.breakandstart.fr\/index.php\/wp-json\/wp\/v2\/types\/page"}],"author":[{"embeddable":true,"href":"https:\/\/new.breakandstart.fr\/index.php\/wp-json\/wp\/v2\/users\/1"}],"replies":[{"embeddable":true,"href":"https:\/\/new.breakandstart.fr\/index.php\/wp-json\/wp\/v2\/comments?post=247"}],"version-history":[{"count":0,"href":"https:\/\/new.breakandstart.fr\/index.php\/wp-json\/wp\/v2\/pages\/247\/revisions"}],"up":[{"embeddable":true,"href":"https:\/\/new.breakandstart.fr\/index.php\/wp-json\/wp\/v2\/pages\/48"}],"wp:attachment":[{"href":"https:\/\/new.breakandstart.fr\/index.php\/wp-json\/wp\/v2\/media?parent=247"}],"curies":[{"name":"wp","href":"https:\/\/api.w.org\/{rel}","templated":true}]}}