{"id":255,"date":"2018-09-12T15:58:53","date_gmt":"2018-09-12T13:58:53","guid":{"rendered":"http:\/\/breakandstart.fr\/?page_id=255"},"modified":"2018-09-12T15:58:53","modified_gmt":"2018-09-12T13:58:53","slug":"mes-huiles-de-massages-et-huiles-essentielles","status":"publish","type":"page","link":"https:\/\/new.breakandstart.fr\/index.php\/mes-huiles-de-massages-et-huiles-essentielles\/","title":{"rendered":"Mes huiles de massages et huiles essentielles"},"content":{"rendered":"<p>Les huiles de massages que j&#8217;utilise sont d&#8217;origine v\u00e9g\u00e9tale.<a href=\"http:\/\/breakandstart.fr\/mes-huiles-de-massages-et-huiles-essentielles\/flacons-huiles\/\" rel=\"attachment wp-att-770\"><img loading=\"lazy\" class=\"size-full wp-image-770 alignright\" src=\"http:\/\/breakandstart.fr\/wp-content\/uploads\/2018\/12\/flacons-huiles.jpg\" alt=\"\" width=\"318\" height=\"159\" srcset=\"https:\/\/new.breakandstart.fr\/wp-content\/uploads\/2018\/12\/flacons-huiles.jpg 318w, https:\/\/new.breakandstart.fr\/wp-content\/uploads\/2018\/12\/flacons-huiles-300x150.jpg 300w\" sizes=\"(max-width: 318px) 100vw, 318px\" \/><\/a><\/p>\n<p>Ces huiles am\u00e8nent plus de fluidit\u00e9 dans les mouvements et ceci est donc plus agr\u00e9able pour vous et pour moi m\u00eame.<\/p>\n<p>Bien s\u00fbr toutes les huiles utilis\u00e9es sont Bio pour respecter notre corps.<\/p>\n<p>En fonction des besoins, les huiles pourront \u00eatre neutres ou r\u00e9alis\u00e9es avec des huiles essentielles. Ces\u00a0 huiles essentielles pourront donc apaiser les muscles, les chauffer, les dynamiser ou permettre une d\u00e9tente g\u00e9n\u00e9rale de la personne par son doux parfum \ud83d\ude42<\/p>\n<p>&#8230;&#8230;&#8230;Insssssspirez!&#8230;&#8230;&#8230;&#8230;Choisissez&#8230;&#8230;&#8230;..Profitez \ud83d\ude09<\/p>\n<p><a href=\"http:\/\/new.breakandstart.fr\/wp-content\/uploads\/2020\/01\/balthazar.jpg\"><img loading=\"lazy\" class=\"alignleft wp-image-1349\" src=\"http:\/\/new.breakandstart.fr\/wp-content\/uploads\/2020\/01\/balthazar-127x150.jpg\" alt=\"\" width=\"3\" height=\"9\" srcset=\"https:\/\/new.breakandstart.fr\/wp-content\/uploads\/2020\/01\/balthazar-102x300.jpg 102w, https:\/\/new.breakandstart.fr\/wp-content\/uploads\/2020\/01\/balthazar.jpg 127w\" sizes=\"(max-width: 3px) 100vw, 3px\" \/><\/a><\/p>\n<p>[su_carousel source=&#8221;media: 772,773,771,774&#8243; height=&#8221;140&#8243; title=&#8221;no&#8221;]<\/p>\n","protected":false},"excerpt":{"rendered":"<p>Les huiles de massages que j&#8217;utilise sont d&#8217;origine v\u00e9g\u00e9tale. Ces huiles am\u00e8nent plus de fluidit\u00e9 dans les mouvements et [&hellip;]<\/p>\n","protected":false},"author":1,"featured_media":0,"parent":0,"menu_order":0,"comment_status":"closed","ping_status":"closed","template":"","meta":[],"_links":{"self":[{"href":"https:\/\/new.breakandstart.fr\/index.php\/wp-json\/wp\/v2\/pages\/255"}],"collection":[{"href":"https:\/\/new.breakandstart.fr\/index.php\/wp-json\/wp\/v2\/pages"}],"about":[{"href":"https:\/\/new.breakandstart.fr\/index.php\/wp-json\/wp\/v2\/types\/page"}],"author":[{"embeddable":true,"href":"https:\/\/new.breakandstart.fr\/index.php\/wp-json\/wp\/v2\/users\/1"}],"replies":[{"embeddable":true,"href":"https:\/\/new.breakandstart.fr\/index.php\/wp-json\/wp\/v2\/comments?post=255"}],"version-history":[{"count":0,"href":"https:\/\/new.breakandstart.fr\/index.php\/wp-json\/wp\/v2\/pages\/255\/revisions"}],"wp:attachment":[{"href":"https:\/\/new.breakandstart.fr\/index.php\/wp-json\/wp\/v2\/media?parent=255"}],"curies":[{"name":"wp","href":"https:\/\/api.w.org\/{rel}","templated":true}]}}