{"id":265,"date":"2018-09-12T16:03:28","date_gmt":"2018-09-12T14:03:28","guid":{"rendered":"http:\/\/breakandstart.fr\/?page_id=265"},"modified":"2018-09-12T16:03:28","modified_gmt":"2018-09-12T14:03:28","slug":"prestations-sportives","status":"publish","type":"page","link":"https:\/\/new.breakandstart.fr\/index.php\/sportifs-play\/prestations-sportives\/","title":{"rendered":"Prestations sportives"},"content":{"rendered":"<ul>\n<li>Suivi d&#8217;\u00e9quipe<a href=\"http:\/\/breakandstart.fr\/sportifs-play\/prestations-sportives\/mollet-noir-et-blanc\/\" rel=\"attachment wp-att-784\"><img loading=\"lazy\" class=\"size-full wp-image-784 alignright\" src=\"http:\/\/breakandstart.fr\/wp-content\/uploads\/2018\/12\/mollet-noir-et-blanc.jpg\" alt=\"\" width=\"275\" height=\"183\" \/><\/a><\/li>\n<li>Suivi particulier<\/li>\n<li>Intervention lors d&#8217;un \u00e9v\u00e9nementiel<\/li>\n<li>Seul ou a plusieurs<\/li>\n<\/ul>\n<p>J&#8217;interviens pendant la pr\u00e9paration \u00e0 l&#8217;effort, pendant l&#8217;effort lors d&#8217;une pause, apr\u00e8s l&#8217;effort pour la r\u00e9cup\u00e9ration.<\/p>\n<p>En int\u00e9rieur, en ext\u00e9rieur pour tout type de sport. (Individuel, collectif, nautique, terrestre, aquatique&#8230;)<\/p>\n<p>Selon votre demande et \u00e0 la hauteur de vos besoins!<\/p>\n<p><a href=\"http:\/\/breakandstart.fr\/wp-content\/uploads\/2019\/05\/Laurent-10.jpg\"><img loading=\"lazy\" class=\"wp-image-1199 size-medium alignleft\" src=\"http:\/\/breakandstart.fr\/wp-content\/uploads\/2019\/05\/Laurent-10-200x300.jpg\" alt=\"\" width=\"200\" height=\"300\" srcset=\"https:\/\/new.breakandstart.fr\/wp-content\/uploads\/2019\/05\/Laurent-10-200x300.jpg 200w, https:\/\/new.breakandstart.fr\/wp-content\/uploads\/2019\/05\/Laurent-10-683x1024.jpg 683w, https:\/\/new.breakandstart.fr\/wp-content\/uploads\/2019\/05\/Laurent-10-768x1151.jpg 768w, https:\/\/new.breakandstart.fr\/wp-content\/uploads\/2019\/05\/Laurent-10.jpg 816w\" sizes=\"(max-width: 200px) 100vw, 200px\" \/><\/a><a href=\"http:\/\/new.breakandstart.fr\/wp-content\/uploads\/2019\/05\/Laurent-11-1.jpg\"><img loading=\"lazy\" class=\"alignright size-medium wp-image-1211\" src=\"http:\/\/new.breakandstart.fr\/wp-content\/uploads\/2019\/05\/Laurent-11-1-200x300.jpg\" alt=\"\" width=\"200\" height=\"300\" \/><\/a><\/p>\n","protected":false},"excerpt":{"rendered":"<p>Suivi d&#8217;\u00e9quipe Suivi particulier Intervention lors d&#8217;un \u00e9v\u00e9nementiel Seul ou a plusieurs J&#8217;interviens pendant la pr\u00e9paration \u00e0 l&#8217;effort, pendant [&hellip;]<\/p>\n","protected":false},"author":1,"featured_media":0,"parent":49,"menu_order":0,"comment_status":"closed","ping_status":"closed","template":"","meta":[],"_links":{"self":[{"href":"https:\/\/new.breakandstart.fr\/index.php\/wp-json\/wp\/v2\/pages\/265"}],"collection":[{"href":"https:\/\/new.breakandstart.fr\/index.php\/wp-json\/wp\/v2\/pages"}],"about":[{"href":"https:\/\/new.breakandstart.fr\/index.php\/wp-json\/wp\/v2\/types\/page"}],"author":[{"embeddable":true,"href":"https:\/\/new.breakandstart.fr\/index.php\/wp-json\/wp\/v2\/users\/1"}],"replies":[{"embeddable":true,"href":"https:\/\/new.breakandstart.fr\/index.php\/wp-json\/wp\/v2\/comments?post=265"}],"version-history":[{"count":0,"href":"https:\/\/new.breakandstart.fr\/index.php\/wp-json\/wp\/v2\/pages\/265\/revisions"}],"up":[{"embeddable":true,"href":"https:\/\/new.breakandstart.fr\/index.php\/wp-json\/wp\/v2\/pages\/49"}],"wp:attachment":[{"href":"https:\/\/new.breakandstart.fr\/index.php\/wp-json\/wp\/v2\/media?parent=265"}],"curies":[{"name":"wp","href":"https:\/\/api.w.org\/{rel}","templated":true}]}}