{"id":267,"date":"2018-09-12T16:04:08","date_gmt":"2018-09-12T14:04:08","guid":{"rendered":"http:\/\/breakandstart.fr\/?page_id=267"},"modified":"2018-09-12T16:04:08","modified_gmt":"2018-09-12T14:04:08","slug":"moi-sportif-qui-suis-je","status":"publish","type":"page","link":"https:\/\/new.breakandstart.fr\/index.php\/sportifs-play\/moi-sportif-qui-suis-je\/","title":{"rendered":"Moi sportif: Qui suis-je?"},"content":{"rendered":"<p>Qui suis-je en tant que sportif?<\/p>\n<p><span style=\"color: #000000;\"><strong>Le Hand-Ball<\/strong><\/span><\/p>\n<p>Handballeur depuis l&#8217;\u00e2ge de 12 ans j&#8217;ai \u00e9t\u00e9 longtemps joueur de champ avant de passer portier (gardien). Licenci\u00e9 au Club du Havre de Vie depuis mon installation en Vend\u00e9e, je m&#8217;\u00e9panoui dans un groupe en constante \u00e9volution avec une coupe de Vend\u00e9e en 2018. Un grand merci aux coachs et entra\u00eeneurs au passage ainsi qu&#8217;au collectif \ud83d\ude09<\/p>\n<p>[easingslider id=&#8221;312&#8243;]<\/p>\n<p>&nbsp;<\/p>\n<p><strong><span style=\"color: #000000;\">Le Crossfit<\/span><a href=\"http:\/\/new.breakandstart.fr\/wp-content\/uploads\/2020\/01\/crossfit.jpg\"><img loading=\"lazy\" class=\"alignright wp-image-1334 size-medium\" src=\"http:\/\/new.breakandstart.fr\/wp-content\/uploads\/2020\/01\/crossfit-300x288.jpg\" alt=\"\" width=\"300\" height=\"288\" srcset=\"https:\/\/new.breakandstart.fr\/wp-content\/uploads\/2020\/01\/crossfit-300x288.jpg 300w, https:\/\/new.breakandstart.fr\/wp-content\/uploads\/2020\/01\/crossfit.jpg 450w\" sizes=\"(max-width: 300px) 100vw, 300px\" \/><\/a><br \/>\n<\/strong><\/p>\n<div class=\"csColumn\" data-csstartpoint=\"15\" data-csendpoint=\"472.5\" data-cswidth=\"47.7%\" data-csid=\"8290e5fb-2ccd-02b9-a354-15ae4a3d7005\">\n<p>Le meilleur moyen pour r\u00e9cup\u00e9rer de la mobilit\u00e9,<\/p>\n<p>se renforcer,<\/p>\n<p>d\u00e9velopper son cardio<\/p>\n<p>et se d\u00e9passer jour apr\u00e8s jour.<\/p>\n<\/div>\n<p>&nbsp;<\/p>\n<p><span style=\"color: #000000;\"><strong>Le surf<\/strong><\/span><\/p>\n<div class=\"csRow\">\n<div class=\"csColumnGap\" style=\"margin: 0px; padding: 0px; float: left; width: 1.56%;\"><img style=\"border: none;\" src=\"http:\/\/breakandstart.fr\/wp-content\/plugins\/advanced-wp-columns\/assets\/js\/plugins\/views\/img\/1x1-pixel.png\" \/><\/div>\n<div class=\"csColumn\" style=\"margin: 0px; padding: 0px; float: left; width: 47.7%;\" data-csstartpoint=\"15\" data-csendpoint=\"472.5\" data-cswidth=\"47.7%\" data-csid=\"8290e5fb-2ccd-02b9-a354-15ae4a3d7005\">\n<p>Profitez des \u00e9l\u00e9ments, se rendre compte de la puissance de l&#8217;Oc\u00e9an; rien de tel pour se ressourcer, se recentrer et rebooster sa journ\u00e9e.<\/p>\n<p>Et\u00e9 comme hiver les conditions changent mais le plaisir est toujours au rendez vous. La sensation de glisse tout simplement.<\/p>\n<p>Un bon moyen d&#8217;\u00eatre face \u00e0 soi m\u00eame, et de se ma\u00eetriser \ud83d\ude09<\/p>\n<\/div>\n<div class=\"csColumnGap\" style=\"margin: 0px; padding: 0px; float: left; width: 1.56%;\"><img style=\"border: none;\" src=\"http:\/\/breakandstart.fr\/wp-content\/plugins\/advanced-wp-columns\/assets\/js\/plugins\/views\/img\/1x1-pixel.png\" \/><\/div>\n<div class=\"csColumn\" style=\"margin: 0px; padding: 0px; float: left; width: 47.7%;\" data-csstartpoint=\"487.5\" data-csendpoint=\"945\" data-cswidth=\"47.7%\" data-csid=\"c5208880-d20f-6b28-b4f5-6d21737a72cf\">\n<p><a href=\"http:\/\/breakandstart.fr\/sportifs-play\/moi-sportif-qui-suis-je\/logo-surf-999x999\/\" rel=\"attachment wp-att-333\"><img loading=\"lazy\" class=\"aligncenter wp-image-333 size-medium\" src=\"http:\/\/breakandstart.fr\/wp-content\/uploads\/2018\/09\/Logo-Surf-999x999-300x300.png\" alt=\"\" width=\"300\" height=\"300\" \/><\/a><\/p>\n<\/div>\n<div class=\"csColumnGap\" style=\"margin: 0px; padding: 0px; float: left; width: 1.56%;\"><img style=\"border: none;\" src=\"http:\/\/breakandstart.fr\/wp-content\/plugins\/advanced-wp-columns\/assets\/js\/plugins\/views\/img\/1x1-pixel.png\" \/><\/div>\n<div style=\"clear: both; float: none; display: block; visibility: hidden; width: 0px; font-size: 0px; line-height: 0;\"><\/div>\n<\/div>\n<p><span style=\"color: #000000;\"><strong>Le running<\/strong><\/span><\/p>\n<div class=\"csRow\">\n<div class=\"csColumnGap\" style=\"margin: 0px; padding: 0px; float: left; width: 1.56%;\"><img style=\"border: none;\" src=\"http:\/\/breakandstart.fr\/wp-content\/plugins\/advanced-wp-columns\/assets\/js\/plugins\/views\/img\/1x1-pixel.png\" \/><\/div>\n<div class=\"csColumn\" style=\"margin: 0px; padding: 0px; float: left; width: 47.7%;\" data-csstartpoint=\"15\" data-csendpoint=\"472.5\" data-cswidth=\"47.7%\" data-csid=\"362630ff-f2a0-44b5-9ba9-4e83586e79e8\">\n<p>En bord de mer pour ma part pour se vider la t\u00eate.<\/p>\n<p>Pour se d\u00e9charger des probl\u00e8mes du quotidien, se focaliser sur son parcours au rythme de son horloge corporelle.<\/p>\n<p>Et un bon moyen d&#8217;entretenir son corps et d&#8217;\u00e9vacuer les toxines \ud83d\ude09<\/p>\n<\/div>\n<div class=\"csColumnGap\" style=\"margin: 0px; padding: 0px; float: left; width: 1.56%;\"><img style=\"border: none;\" src=\"http:\/\/breakandstart.fr\/wp-content\/plugins\/advanced-wp-columns\/assets\/js\/plugins\/views\/img\/1x1-pixel.png\" \/><\/div>\n<p><a href=\"http:\/\/breakandstart.fr\/sportifs-play\/moi-sportif-qui-suis-je\/coccinelle-return\/\" rel=\"attachment wp-att-336\"><img loading=\"lazy\" class=\"aligncenter size-medium wp-image-336\" src=\"http:\/\/breakandstart.fr\/wp-content\/uploads\/2018\/09\/coccinelle-return-300x118.jpg\" alt=\"\" width=\"300\" height=\"118\" \/><\/a><\/p>\n<p><span style=\"color: #000000;\"><strong>Le roller fitness<\/strong><\/span><\/p>\n<div class=\"csRow\">\n<div class=\"csColumnGap\" style=\"margin: 0px; padding: 0px; float: left; width: 1.56%;\"><img style=\"border: none;\" src=\"http:\/\/breakandstart.fr\/wp-content\/plugins\/advanced-wp-columns\/assets\/js\/plugins\/views\/img\/1x1-pixel.png\" \/><\/div>\n<div class=\"csColumn\" style=\"margin: 0px; padding: 0px; float: left; width: 47.7%;\" data-csstartpoint=\"15\" data-csendpoint=\"472.5\" data-cswidth=\"47.7%\" data-csid=\"362630ff-f2a0-44b5-9ba9-4e83586e79e8\">\n<p>Sur les remblais toujours pour \u00eatre en contact avec les \u00e9l\u00e9ments.<\/p>\n<p>Une fatigue douce et progressive et l\u00e0 aussi une sensation de glisse.<\/p>\n<p><a href=\"http:\/\/breakandstart.fr\/sportifs-play\/moi-sportif-qui-suis-je\/roller-fitness\/\" rel=\"attachment wp-att-431\"><img loading=\"lazy\" class=\"size-full wp-image-431 alignleft\" src=\"http:\/\/breakandstart.fr\/wp-content\/uploads\/2018\/09\/roller-fitness.png\" alt=\"\" width=\"170\" height=\"151\" \/><\/a><\/p>\n<\/div>\n<\/div>\n<\/div>\n","protected":false},"excerpt":{"rendered":"<p>Qui suis-je en tant que sportif? Le Hand-Ball Handballeur depuis l&#8217;\u00e2ge de 12 ans j&#8217;ai \u00e9t\u00e9 longtemps joueur de [&hellip;]<\/p>\n","protected":false},"author":1,"featured_media":0,"parent":49,"menu_order":0,"comment_status":"closed","ping_status":"closed","template":"","meta":[],"_links":{"self":[{"href":"https:\/\/new.breakandstart.fr\/index.php\/wp-json\/wp\/v2\/pages\/267"}],"collection":[{"href":"https:\/\/new.breakandstart.fr\/index.php\/wp-json\/wp\/v2\/pages"}],"about":[{"href":"https:\/\/new.breakandstart.fr\/index.php\/wp-json\/wp\/v2\/types\/page"}],"author":[{"embeddable":true,"href":"https:\/\/new.breakandstart.fr\/index.php\/wp-json\/wp\/v2\/users\/1"}],"replies":[{"embeddable":true,"href":"https:\/\/new.breakandstart.fr\/index.php\/wp-json\/wp\/v2\/comments?post=267"}],"version-history":[{"count":0,"href":"https:\/\/new.breakandstart.fr\/index.php\/wp-json\/wp\/v2\/pages\/267\/revisions"}],"up":[{"embeddable":true,"href":"https:\/\/new.breakandstart.fr\/index.php\/wp-json\/wp\/v2\/pages\/49"}],"wp:attachment":[{"href":"https:\/\/new.breakandstart.fr\/index.php\/wp-json\/wp\/v2\/media?parent=267"}],"curies":[{"name":"wp","href":"https:\/\/api.w.org\/{rel}","templated":true}]}}