{"id":34,"date":"2018-08-16T16:19:09","date_gmt":"2018-08-16T14:19:09","guid":{"rendered":"http:\/\/breakandstart.fr\/?page_id=34"},"modified":"2018-08-16T16:19:09","modified_gmt":"2018-08-16T14:19:09","slug":"prestations","status":"publish","type":"page","link":"https:\/\/new.breakandstart.fr\/index.php\/prestations\/","title":{"rendered":"Prestations"},"content":{"rendered":"<p><strong>Au quotidien \u00e0 l&#8217;entreprise pour votre productivit\u00e9;<\/strong><\/p>\n<p><strong><span style=\"color: #000000;\">Mais aussi pour c\u00e9l\u00e9brer un \u00e9v\u00e8nement, pour vos soir\u00e9es priv\u00e9es, cocktails, anniversaires,\u00a0 sur un salon ou lors d&#8217;un congr\u00e8s.<\/span><br \/>\n<\/strong><\/p>\n<p><strong>Pourquoi?<\/strong><\/p>\n<ul>\n<li><span style=\"color: #008000;\"><strong>Attirer l&#8217;attention en marquant la diff\u00e9rence<\/strong><\/span><\/li>\n<li><span style=\"color: #008000;\"><strong>Cr\u00e9er l&#8217;originalit\u00e9<\/strong><\/span><\/li>\n<li><span style=\"color: #008000;\"><strong>D\u00e9tendre vos clients, partenaires, visiteurs<\/strong><\/span><\/li>\n<li><span style=\"color: #008000;\"><strong>Abaisser les tensions des n\u00e9gociations<\/strong><\/span><\/li>\n<li><span style=\"color: #008000;\"><strong>Rajouter de la convivialit\u00e9<\/strong><\/span><\/li>\n<\/ul>\n<p style=\"text-align: center;\"><strong>Vous aimeriez que vos clients, visiteurs ou invit\u00e9s repartent d\u00e9tendus et ravis,<\/strong><\/p>\n<p style=\"text-align: center;\"><strong>offrez leur ce moment privil\u00e9gi\u00e9, de d\u00e9tente au milieu de l&#8217;effervescence. \ud83d\ude09<br \/>\n<\/strong><\/p>\n<p style=\"text-align: center;\"><span style=\"color: #000000;\">Une communication positive irr\u00e9prochable<\/span><\/p>\n<p style=\"text-align: center;\"><span style=\"color: #000000;\">lorsqu&#8217;on s&#8217;adresse d&#8217;abord \u00e0 l&#8217;Homme avant le professionnel \ud83d\ude42<\/span><\/p>\n<p><span style=\"color: #808080;\"><em>Informations sur les massages ci apr\u00e8s<\/em><\/span><\/p>\n<table border=\"0\" frame=\"VOID\" rules=\"NONE\" cellspacing=\"0\">\n<colgroup>\n<col width=\"366\" \/><\/colgroup>\n<tbody>\n<tr>\n<td style=\"text-align: left;\" align=\"CENTER\" bgcolor=\"#66FF66\" width=\"366\" height=\"17\"><span style=\"color: #0000ff;\"><b>Types de prestations V\u00eatues<\/b><\/span><\/td>\n<\/tr>\n<tr>\n<td align=\"LEFT\" bgcolor=\"#66FF66\" height=\"17\"><span style=\"color: #000000;\">Massage sur chaise ergonomique<\/span><\/td>\n<\/tr>\n<tr>\n<td align=\"LEFT\" bgcolor=\"#66FF66\" height=\"17\"><span style=\"color: #000000;\">Massage sur chaise au poste de travail<\/span><\/td>\n<\/tr>\n<tr>\n<td align=\"LEFT\" bgcolor=\"#66FF66\" height=\"17\"><span style=\"color: #000000;\">Massage des pieds\/jambe sur chaise<\/span><\/td>\n<\/tr>\n<tr>\n<td align=\"LEFT\" bgcolor=\"#66FF66\" height=\"17\"><span style=\"color: #000000;\">Relaxin\u00e9sie sur tatamis<\/span><\/td>\n<\/tr>\n<tr>\n<td align=\"LEFT\" bgcolor=\"#66FF66\" height=\"17\"><span style=\"color: #000000;\">Massage sur table<\/span><\/td>\n<\/tr>\n<tr>\n<td align=\"LEFT\" height=\"17\"><\/td>\n<\/tr>\n<tr>\n<td style=\"text-align: left;\" align=\"CENTER\" bgcolor=\"#66FF66\" height=\"17\"><span style=\"color: #0000ff;\"><b>Types de prestations \u00e0 l&#8217;huile<\/b><\/span><\/td>\n<\/tr>\n<tr>\n<td align=\"LEFT\" bgcolor=\"#66FF66\" height=\"17\"><span style=\"color: #000000;\">Massage dos sur chaise ergonomique<\/span><\/td>\n<\/tr>\n<tr>\n<td align=\"LEFT\" bgcolor=\"#66FF66\" height=\"17\"><span style=\"color: #000000;\">Massage des pieds\/jambes sur table ou chaise<\/span><\/td>\n<\/tr>\n<tr>\n<td align=\"LEFT\" bgcolor=\"#66FF66\" height=\"17\"><span style=\"color: #000000;\">Massage des mains sur chaise<\/span><\/td>\n<\/tr>\n<tr>\n<td align=\"LEFT\" bgcolor=\"#66FF66\" height=\"17\"><span style=\"color: #000000;\">Massage Dos et Jambes post\u00e9rieurs<\/span><\/td>\n<\/tr>\n<tr>\n<td align=\"LEFT\" height=\"17\"><\/td>\n<\/tr>\n<tr>\n<td align=\"LEFT\" height=\"17\"><\/td>\n<\/tr>\n<tr>\n<td style=\"text-align: left;\" align=\"CENTER\" bgcolor=\"#66FF66\" height=\"17\"><span style=\"color: #0000ff;\"><b>Types de formules<\/b><\/span><\/td>\n<\/tr>\n<tr>\n<td align=\"LEFT\" bgcolor=\"#000000\" height=\"17\"><span style=\"color: #ffffff;\">Intervention de 2h<\/span><\/td>\n<\/tr>\n<tr>\n<td align=\"LEFT\" bgcolor=\"#000000\" height=\"17\"><span style=\"color: #ffffff;\">Intervention sur une demie journ\u00e9e (4h)<\/span><\/td>\n<\/tr>\n<tr>\n<td align=\"LEFT\" bgcolor=\"#000000\" height=\"17\"><span style=\"color: #ffffff;\">Intervention sur 1 journ\u00e9e (8h)<\/span><\/td>\n<\/tr>\n<tr>\n<td align=\"LEFT\" bgcolor=\"#000000\" height=\"17\"><span style=\"color: #ffffff;\">Intervention sur 2 jours (16h)<\/span><\/td>\n<\/tr>\n<tr>\n<td align=\"LEFT\" bgcolor=\"#000000\" height=\"17\"><span style=\"color: #ffffff;\">Prestation Ev\u00eanementielle PRO 1J \u00e0 2 praticiens<\/span><\/td>\n<\/tr>\n<tr>\n<td align=\"LEFT\" bgcolor=\"#000000\" height=\"17\"><span style=\"color: #ffffff;\">Prestation Ev\u00eanementielle PRO 1\/2J \u00e0 2 praticiens<\/span><\/td>\n<\/tr>\n<tr>\n<td align=\"LEFT\" height=\"17\"><\/td>\n<\/tr>\n<tr>\n<td align=\"LEFT\" bgcolor=\"#000000\" height=\"17\"><span style=\"color: #ffffff;\">Audit Bien-\u00catre PRO<\/span><\/td>\n<\/tr>\n<\/tbody>\n<\/table>\n<p>&nbsp;<\/p>\n<p>Informations sur les massages:<\/p>\n<h3><span style=\"color: #000000;\">-LES MASSAGES MINUTE\u00ae<\/span><\/h3>\n<p>Le principe de base est la d\u00e9tente d\u2019une personne ou d\u2019une zone tendue, ceci quelles que soient les conditions mat\u00e9rielles (v\u00eatu, assis ou m\u00eame debout), le cadre et le temps dont on dispose.<\/p>\n<h4><strong><img loading=\"lazy\" class=\"alignright size-full wp-image-964\" src=\"https:\/\/www.ifjs.fr\/wp-content\/uploads\/2016\/09\/massageminute220.jpg\" alt=\"dessin massage minute\" width=\"220\" height=\"288\" \/><em>Le Massage Anti-Stress Minute<\/em><\/strong><\/h4>\n<p>Peut-\u00eatre le plus connu aujourd\u2019hui, il a donn\u00e9 naissance au Massage assis sur chaise. Il fait partie des must en mati\u00e8re de d\u00e9tente int\u00e9gr\u00e9e aux diff\u00e9rentes situations quotidiennes. Aujourd\u2019hui, la preuve de ses qualit\u00e9s n\u2019est plus \u00e0 d\u00e9montrer. Il peut se pratiquer v\u00eatu, debout ou assis, avec ou sans appui. L\u2019objectif est la d\u00e9tente du haut du corps (dos, nuque, \u00e9paules, etc.). Vous aurez l\u2019occasion d\u2019en faire l\u2019apprentissage dans ses multiples facettes\u2026 comme par exemple, la fameuse man\u0153uvre \u00abanti-stress express\u00bb (quelques secondes !).<\/p>\n<h4><em><strong>Le Massage-minute des mains, des pieds, du visage (t\u00eate)<\/strong><\/em><\/h4>\n<p>Des man\u0153uvres essentielles porteuses d\u2019un bien-\u00eatre certain, des techniques astucieuses permettant un apprentissage en quelques minutes.<\/p>\n<h4><em><strong>Le massage du dos assis (\u00e0 l\u2019huile et avec appui)<\/strong><\/em><\/h4>\n<p>Une fa\u00e7on tr\u00e8s pratique de masser le dos, la nuque : une prise en charge ais\u00e9e, son application peut se faire dans tous les domaines de la vie quotidienne ou professionnelle.<\/p>\n<h3><span style=\"color: #000000;\">-LE MASSAGE ASSIS<\/span><\/h3>\n<p><img loading=\"lazy\" class=\"alignright size-full wp-image-969\" src=\"https:\/\/www.ifjs.fr\/wp-content\/uploads\/2016\/09\/massageassis220.jpg\" alt=\"dessin massage assis\" width=\"220\" height=\"297\" \/>Le massage assis minute a \u00e9t\u00e9 imagin\u00e9 et cr\u00e9\u00e9 par Jo\u00ebl Savatofski pour r\u00e9pondre \u00e0 un besoin de d\u00e9tente, de lien et de convivialit\u00e9.<\/p>\n<p>D\u00e8s 1990, Jo\u00ebl Savatofski descend dans la rue pour sensibiliser le public et populariser cet art en r\u00e9adaptant cette pratique ancestrale \u00e0 notre soci\u00e9t\u00e9 occidentale. Il s\u2019est fait conna\u00eetre \u00e0 travers les op\u00e9rations in\u00e9dites \u00abPause-massage\u00bb, men\u00e9es avec son \u00e9quipe sur les aires autorouti\u00e8res de France, dans le m\u00e9tro parisien, les a\u00e9roports, les entreprises et dans de nombreux \u00e9v\u00e9nementiels comme le T\u00e9l\u00e9thon, les centres commerciaux et m\u00eame \u00e0 la Chambre des d\u00e9put\u00e9s. Cette m\u00e9thode, largement \u00e9prouv\u00e9e aupr\u00e8s de tous les publics, adopt\u00e9e par de nombreux professionnels, fait aujourd\u2019hui \u00e9cole. Elle connait un immense succ\u00e8s, ouvrant la voie \u00e0 un d\u00e9veloppement prometteur du \u00abmassage populaire\u00bb dans notre pays, ce qui engendre de nombreuses cr\u00e9ations d\u2019emploi. Elle est donc ouverte \u00e0 tous ceux ou celles qui partagent cet \u00e9tat d\u2019esprit et ce sens du service.<\/p>\n<p>\u00ab<em>Demain on fera une Pause Massage comme on fait aujourd\u2019hui la pause caf\u00e9\u00a0<\/em>\u00bb avait pari\u00e9 il y d\u00e9j\u00e0 20 ans J. Savatofski, et \u00ab\u00a0<em>Le\u00a0massage assis sera l\u2019outil n\u00b01 de la gestion du stress. Cr\u00e9ateur de liens, de convivialit\u00e9, il contribuera \u00e0 une nouvelle culture d\u2019entreprise. Quant aux animations \u00e9v\u00e9nementielles et manifestations publiques, elles feront appel \u00e0 ce service\u00a0<\/em>\u00bb.<\/p>\n<p>La s\u00e9ance de massage assis minute se pratique \u00e0 m\u00eame les v\u00eatements sur des personnes confortablement install\u00e9es sur un si\u00e8ge ergonomique. Cette technique sp\u00e9cifique de toucher-d\u00e9tente, de courte dur\u00e9e (6 \u00e0 14 minutes selon le flux des personnes pr\u00e9sentes ou le contrat propos\u00e9) est tr\u00e8s efficace. Cr\u00e9ative, ludique, dynamique et conviviale cette m\u00e9thode a \u00e9t\u00e9 con\u00e7ue pour s\u2019adapter \u00e0 chaque personne, \u00e0 chaque situation et \u00eatre abordable par tous.<\/p>\n<p><a href=\"https:\/\/www.youtube.com\/watch?time_continue=166&amp;v=IFkWpWVmrwI&amp;feature=emb_logo\"><em>Vid\u00e9o du fondateur<\/em><\/a><\/p>\n","protected":false},"excerpt":{"rendered":"<p>Au quotidien \u00e0 l&#8217;entreprise pour votre productivit\u00e9; Mais aussi pour c\u00e9l\u00e9brer un \u00e9v\u00e8nement, pour vos soir\u00e9es priv\u00e9es, cocktails, anniversaires,\u00a0 [&hellip;]<\/p>\n","protected":false},"author":1,"featured_media":0,"parent":0,"menu_order":0,"comment_status":"closed","ping_status":"closed","template":"","meta":[],"_links":{"self":[{"href":"https:\/\/new.breakandstart.fr\/index.php\/wp-json\/wp\/v2\/pages\/34"}],"collection":[{"href":"https:\/\/new.breakandstart.fr\/index.php\/wp-json\/wp\/v2\/pages"}],"about":[{"href":"https:\/\/new.breakandstart.fr\/index.php\/wp-json\/wp\/v2\/types\/page"}],"author":[{"embeddable":true,"href":"https:\/\/new.breakandstart.fr\/index.php\/wp-json\/wp\/v2\/users\/1"}],"replies":[{"embeddable":true,"href":"https:\/\/new.breakandstart.fr\/index.php\/wp-json\/wp\/v2\/comments?post=34"}],"version-history":[{"count":0,"href":"https:\/\/new.breakandstart.fr\/index.php\/wp-json\/wp\/v2\/pages\/34\/revisions"}],"wp:attachment":[{"href":"https:\/\/new.breakandstart.fr\/index.php\/wp-json\/wp\/v2\/media?parent=34"}],"curies":[{"name":"wp","href":"https:\/\/api.w.org\/{rel}","templated":true}]}}