{"id":70,"date":"2018-08-18T16:58:16","date_gmt":"2018-08-18T14:58:16","guid":{"rendered":"http:\/\/breakandstart.fr\/?page_id=70"},"modified":"2018-08-18T16:58:16","modified_gmt":"2018-08-18T14:58:16","slug":"professionnels-breakstart","status":"publish","type":"page","link":"https:\/\/new.breakandstart.fr\/index.php\/professionnels-breakstart\/","title":{"rendered":"Professionnels"},"content":{"rendered":"<div class=\"csRow\">\n<div>\n<p>Accumulation d&#8217;informations, de t\u00e2ches, d\u00e9lais qui se r\u00e9duisent, productivit\u00e9 \u00e0<a href=\"http:\/\/breakandstart.fr\/professionnels-breakstart\/travail\/\" rel=\"attachment wp-att-116\"><img loading=\"lazy\" class=\"size-thumbnail wp-image-116 alignright\" src=\"http:\/\/breakandstart.fr\/wp-content\/uploads\/2018\/09\/travail-150x150.jpg\" alt=\"\" width=\"150\" height=\"150\" \/><\/a><\/p>\n<p>augmenter, satisfaction client \u00e0 perp\u00e9tuer&#8230;.Tout s&#8217;acc\u00e9l\u00e8re autour de nous!<\/p>\n<p>&nbsp;<\/p>\n<p style=\"text-align: left;\">Et bien bien je vous propose\u00a0\u201c<span style=\"color: #00ff00;\"> <span style=\"color: #ff0000;\">un arr\u00eat au<\/span> <span style=\"color: #ffcc00;\">stand pour<\/span> <span style=\"color: #008000;\">bien finir la course\u00a0<\/span>\u201d<\/span> \ud83d\ude09 .<\/p>\n<h1 style=\"text-align: center;\"><span style=\"color: #008000;\"><strong><span style=\"color: #ff0000;\">BREA<\/span><span style=\"color: #ffcc00;\">K <\/span><em><span style=\"color: #ffcc00;\">AND S<\/span>TART<\/em><\/strong><\/span><\/h1>\n<p>&nbsp;<\/p>\n<p>[easingslider id=&#8221;294&#8243;]<\/p>\n<p>&nbsp;<\/p>\n<\/div>\n<div><a href=\"http:\/\/breakandstart.fr\/wp-content\/uploads\/2019\/05\/Laurent-2-1.jpg\"><img loading=\"lazy\" class=\"size-thumbnail wp-image-1202 alignleft\" src=\"http:\/\/breakandstart.fr\/wp-content\/uploads\/2019\/05\/Laurent-2-1-150x150.jpg\" alt=\"\" width=\"150\" height=\"150\" \/><\/a><\/div>\n<div class=\"csColumnGap\" style=\"margin: 0px; padding: 0px; float: left; width: 0.000592%;\"><img style=\"border: none;\" src=\"http:\/\/breakandstart.fr\/wp-content\/plugins\/advanced-wp-columns\/assets\/js\/plugins\/views\/img\/1x1-pixel.png\" \/><\/div>\n<div class=\"csColumnGap\" style=\"margin: 0px; padding: 0px; float: left; width: 0.00296%;\"><\/div>\n<div class=\"csColumnGap\" style=\"margin: 0px; padding: 0px; float: left; width: 0.000889%;\"><img style=\"border: none;\" src=\"http:\/\/breakandstart.fr\/wp-content\/plugins\/advanced-wp-columns\/assets\/js\/plugins\/views\/img\/1x1-pixel.png\" \/><\/div>\n<\/div>\n","protected":false},"excerpt":{"rendered":"<p>Accumulation d&#8217;informations, de t\u00e2ches, d\u00e9lais qui se r\u00e9duisent, productivit\u00e9 \u00e0 augmenter, satisfaction client \u00e0 perp\u00e9tuer&#8230;.Tout s&#8217;acc\u00e9l\u00e8re autour de nous! [&hellip;]<\/p>\n","protected":false},"author":1,"featured_media":0,"parent":0,"menu_order":0,"comment_status":"closed","ping_status":"closed","template":"","meta":[],"_links":{"self":[{"href":"https:\/\/new.breakandstart.fr\/index.php\/wp-json\/wp\/v2\/pages\/70"}],"collection":[{"href":"https:\/\/new.breakandstart.fr\/index.php\/wp-json\/wp\/v2\/pages"}],"about":[{"href":"https:\/\/new.breakandstart.fr\/index.php\/wp-json\/wp\/v2\/types\/page"}],"author":[{"embeddable":true,"href":"https:\/\/new.breakandstart.fr\/index.php\/wp-json\/wp\/v2\/users\/1"}],"replies":[{"embeddable":true,"href":"https:\/\/new.breakandstart.fr\/index.php\/wp-json\/wp\/v2\/comments?post=70"}],"version-history":[{"count":0,"href":"https:\/\/new.breakandstart.fr\/index.php\/wp-json\/wp\/v2\/pages\/70\/revisions"}],"wp:attachment":[{"href":"https:\/\/new.breakandstart.fr\/index.php\/wp-json\/wp\/v2\/media?parent=70"}],"curies":[{"name":"wp","href":"https:\/\/api.w.org\/{rel}","templated":true}]}}