{"id":950,"date":"2019-01-21T21:44:46","date_gmt":"2019-01-21T20:44:46","guid":{"rendered":"http:\/\/breakandstart.fr\/?page_id=950"},"modified":"2019-01-21T21:44:46","modified_gmt":"2019-01-21T20:44:46","slug":"conseils-huiles-essentielles-he-les-vertus-2","status":"publish","type":"page","link":"https:\/\/new.breakandstart.fr\/index.php\/conseils-huiles-essentielles-he-les-vertus-2\/","title":{"rendered":"Conseils Huiles Essentielles (HE) \/ Les vertus"},"content":{"rendered":"<p>[su_carousel source=&#8221;media: 776,778,777&#8243; height=&#8221;140&#8243; title=&#8221;no&#8221;]<\/p>\n<p>Voici quelques utilisations traditionnelles des Huiles essentielles en massage:<\/p>\n<ul>\n<li><span style=\"color: #000000;\">Lavande vraie (fine)<\/span>\n<ul>\n<li>D\u00e9pression, insomnie, r\u00e8gles douloureuses, crampes musculaires, naus\u00e9es, ecz\u00e9ma sec<\/li>\n<\/ul>\n<\/li>\n<li><span style=\"color: #000000;\">Lavande Aspic<\/span>\n<ul>\n<li>Rhinite, bronchite, toux quinteuse, rhumatisme, crampe, contracture musculaire, d\u00e9pression<\/li>\n<\/ul>\n<\/li>\n<li><span style=\"color: #000000;\">Laurier Noble<\/span>\n<ul>\n<li>Infection ORL, bronchite et sinusite, anxi\u00e9t\u00e9, d\u00e9pression<\/li>\n<\/ul>\n<\/li>\n<li><span style=\"color: #000000;\">Mandarine<\/span>\n<ul>\n<li>Stress, angoisse, insomnie, a\u00e9rophagie<\/li>\n<\/ul>\n<\/li>\n<li><span style=\"color: #000000;\">Orange douce<\/span>\n<ul>\n<li>Trouble du sommeil, d\u00e9prime, nervosit\u00e9, troubles digestifs<\/li>\n<\/ul>\n<\/li>\n<li><span style=\"color: #000000;\">Gaulth\u00e9rie couch\u00e9e<\/span>\n<ul>\n<li>Crampes, contractures musculaires, rhumatismes, hypertension, d\u00e9chirure musculaire, ecchymose<\/li>\n<\/ul>\n<\/li>\n<li><span style=\"color: #000000;\">Menthe poivr\u00e9e<\/span>\n<ul>\n<li>Insuffisance h\u00e9pathique, pancr\u00e9atique, cystite, hypotension<\/li>\n<\/ul>\n<\/li>\n<li><span style=\"color: #000000;\">Niaouli<\/span>\n<ul>\n<li>Infection bact\u00e9rienne et virale, varice, h\u00e9morro\u00efde, arthrose, fatigue<\/li>\n<\/ul>\n<\/li>\n<li><span style=\"color: #000000;\">Ravinsara<\/span>\n<ul>\n<li>Grippe, angine, insuffisance immunitaire, d\u00e9pression, angoisse, insomnie, fatigue nerveuse et physique, infection ORL, bronchite<\/li>\n<\/ul>\n<\/li>\n<li><span style=\"color: #000000;\">Tea Tree<\/span>\n<ul>\n<li>Infections ORL, cystite, h\u00e9morro\u00efdes, varice, d\u00e9pression<\/li>\n<\/ul>\n<\/li>\n<li><span style=\"color: #000000;\">C\u00e8dre de l&#8217;Atlas<\/span>\n<ul>\n<li>Jambes lourdes, varice, h\u00e9morro\u00efde, cellulite, pellicules, cheveux gras, cicatrisation de plaie<\/li>\n<\/ul>\n<\/li>\n<\/ul>\n","protected":false},"excerpt":{"rendered":"<p>[su_carousel source=&#8221;media: 776,778,777&#8243; height=&#8221;140&#8243; title=&#8221;no&#8221;] Voici quelques utilisations traditionnelles des Huiles essentielles en massage: Lavande vraie (fine) D\u00e9pression, insomnie, [&hellip;]<\/p>\n","protected":false},"author":1,"featured_media":0,"parent":0,"menu_order":0,"comment_status":"closed","ping_status":"closed","template":"","meta":[],"_links":{"self":[{"href":"https:\/\/new.breakandstart.fr\/index.php\/wp-json\/wp\/v2\/pages\/950"}],"collection":[{"href":"https:\/\/new.breakandstart.fr\/index.php\/wp-json\/wp\/v2\/pages"}],"about":[{"href":"https:\/\/new.breakandstart.fr\/index.php\/wp-json\/wp\/v2\/types\/page"}],"author":[{"embeddable":true,"href":"https:\/\/new.breakandstart.fr\/index.php\/wp-json\/wp\/v2\/users\/1"}],"replies":[{"embeddable":true,"href":"https:\/\/new.breakandstart.fr\/index.php\/wp-json\/wp\/v2\/comments?post=950"}],"version-history":[{"count":0,"href":"https:\/\/new.breakandstart.fr\/index.php\/wp-json\/wp\/v2\/pages\/950\/revisions"}],"wp:attachment":[{"href":"https:\/\/new.breakandstart.fr\/index.php\/wp-json\/wp\/v2\/media?parent=950"}],"curies":[{"name":"wp","href":"https:\/\/api.w.org\/{rel}","templated":true}]}}