{"id":990,"date":"2019-02-01T09:51:38","date_gmt":"2019-02-01T08:51:38","guid":{"rendered":"http:\/\/breakandstart.fr\/?page_id=990"},"modified":"2019-02-01T09:51:38","modified_gmt":"2019-02-01T08:51:38","slug":"mentions-legales","status":"publish","type":"page","link":"https:\/\/new.breakandstart.fr\/index.php\/mentions-legales\/","title":{"rendered":"Mentions l\u00e9gales"},"content":{"rendered":"<h1><span style=\"color: #000000;\">1. Statut\/D\u00e9nomination sociale<\/span><\/h1>\n<p><span style=\"color: #339966;\">en cours d\u2019immatriculation au Greffe de La Roche sur Yon<\/span><\/p>\n<div class=\"portfolio-description gantry-width-66\"><span style=\"color: #ff6600;\">D\u00e9nomination sociale : EIRL Laurent Van Beekum<\/span><\/div>\n<div class=\"portfolio-description gantry-width-66\">\n<p><span style=\"color: #ff6600;\">N\u00b0 Siret : 52029129500027<\/span><br \/>\n<span style=\"color: #ff6600;\">RCS La Roche Sur Yon<\/span><br \/>\n<span style=\"color: #ff6600;\">Code APE : 9604Z<\/span><br \/>\n<span style=\"color: #ff6600;\">TVA IC : FR 46 520291295<br \/>\n<\/span><\/p>\n<p>Si\u00e8ge administratif : 89, chemin des Tilleuls 85220 Commequiers<br \/>\nG\u00e9rant : Laurent Van Beekum<br \/>\nContact : infopro@breakandstart.fr<br \/>\nT\u00e9l : 06 68 35 77 01<br \/>\nwww.breakandstart.fr<\/p>\n<\/div>\n<h1><span style=\"color: #000000;\">2. Affiliation<\/span><\/h1>\n<p><span style=\"color: #000000;\">IFJS<\/span><\/p>\n<p>Form\u00e9 par l\u2019IFJS du cursus praticien de massages-bien-\u00eatre, massages minute et massage essentiel, praticiens de massages assis, massage habill\u00e9 sur table, massage du sportif .<\/p>\n<p><span style=\"color: #000000;\">FFMBE<\/span><\/p>\n<div class=\"flex_cell no_margin av_three_fifth avia-builder-el-3 el_after_av_cell_two_fifth avia-builder-el-last \">\n<div class=\"flex_cell_inner\">\n<section class=\"av_textblock_section \">\n<div class=\"avia_textblock \">\n<p>Praticienne en massages-bien-\u00eatre agr\u00e9\u00e9e FFMBE (F\u00e9d\u00e9ration Fran\u00e7aise de Massage Bien \u00catre), adh\u00e9rent au code de d\u00e9ontologie de la FFMBE.<\/p>\n<p>PS : \u00e0 noter que c\u2019est abusivement que les MKDE s\u2019attribuent l\u2019exclusivit\u00e9 de l\u2019emploi du mot \u201cmassage\u201d et qu\u2019ils ont perdu le monopole de l\u2019appellation \u201cmasseur\u201d par une ordonnance prise en application des directives europ\u00e9ennes et ce, depuis le 1er juin 2008 (Article L4321-8 du CSP modifi\u00e9 par l\u2019Ordonnance n\u00b02008-507 du 30 mai 2008 \u2013 art. 31).<br \/>\nLe code de la sant\u00e9 publique a \u00e9t\u00e9 modifi\u00e9 le 26 janvier 2016, cf. loi L. 4321-1.<\/p>\n<\/div>\n<\/section>\n<\/div>\n<\/div>\n<h1><span style=\"color: #000000;\">3. Politique de confidentialit\u00e9<\/span><\/h1>\n<div class=\"av-special-heading av-special-heading-h2 blockquote modern-quote avia-builder-el-14 el_after_av_image el_before_av_hr av-inherit-size \">\n<p class=\"av-special-heading-tag \"><span style=\"color: #000000;\">Utilisation par WordPress des donn\u00e9es personnelles collect\u00e9es<\/span><\/p>\n<\/div>\n<div class=\"hr hr-short hr-center avia-builder-el-15 el_after_av_heading el_before_av_textblock \"><\/div>\n<section class=\"av_textblock_section \">\n<div class=\"avia_textblock \">\n<p class=\"privacy-policy-tutorial\">Les donn\u00e9es personnelles collect\u00e9es sur les utilisateurs et visiteurs du site peuvent comprendre le nom,pr\u00e9nom, l\u2019adresse de messagerie, et les donn\u00e9es techniques comme les informations sur les cookies.<\/p>\n<p class=\"privacy-policy-tutorial\">Les donn\u00e9es personnelles ne sont pas cr\u00e9\u00e9es par les interactions des utilisateurs avec le site. Elles sont g\u00e9n\u00e9r\u00e9es uniquement par les processus techniques que sont le formulaire de contact, les commentaires, les cookies ou l\u2019int\u00e9gration de services tiers.<\/p>\n<p class=\"privacy-policy-tutorial\">Par d\u00e9faut, WordPress ne collecte aucune donn\u00e9e personnelle sur les visiteurs du site.<\/p>\n<p><span style=\"color: #000000;\">Commentaires<\/span><\/p>\n<p>Donn\u00e9es nativement collect\u00e9es par WordPress : quand vous laissez un commentaire sur notre site web, les donn\u00e9es inscrites dans le formulaire de commentaire, mais aussi votre adresse IP et l\u2019agent utilisateur de votre navigateur sont collect\u00e9s pour nous aider \u00e0 la d\u00e9tection des commentaires ind\u00e9sirables.<\/p>\n<p><span style=\"color: #000000;\">Formulaires de contact \u2013 cookies<\/span><\/p>\n<p>Donn\u00e9es nativement collect\u00e9es par WordPress : si vous d\u00e9posez un commentaire sur notre site, il vous sera propos\u00e9 d\u2019enregistrer votre nom, adresse de messagerie et site web dans des cookies. C\u2019est uniquement pour votre confort afin de ne pas avoir \u00e0 saisir ces informations si vous d\u00e9posez un autre commentaire plus tard. Ces cookies expirent au bout d\u2019un an.<\/p>\n<p>Si vous avez un compte et que vous vous connectez sur ce site, un cookie temporaire sera cr\u00e9\u00e9 afin de d\u00e9terminer si votre navigateur accepte les cookies. Il ne contient pas de donn\u00e9es personnelles et sera supprim\u00e9 automatiquement \u00e0 la fermeture de votre navigateur.<\/p>\n<p>Lorsque vous vous connecterez, nous mettrons en place un certain nombre de cookies pour enregistrer vos informations de connexion et vos pr\u00e9f\u00e9rences d\u2019\u00e9cran. La dur\u00e9e de vie d\u2019un cookie de connexion est de deux jours, celle d\u2019un cookie d\u2019option d\u2019\u00e9cran est d\u2019un an. Si vous cochez \u00ab\u00a0Se souvenir de moi\u00a0\u00bb, votre cookie de connexion sera conserv\u00e9 pendant deux semaines. Si vous vous d\u00e9connectez de votre compte, le cookie de connexion sera effac\u00e9.<\/p>\n<p>En modifiant ou en publiant un article, un cookie suppl\u00e9mentaire sera enregistr\u00e9 dans votre navigateur. Ce cookie ne comprend aucune donn\u00e9e personnelle. Il indique simplement l\u2019identifiant de l\u2019article que vous venez de modifier. Il expire au bout d\u2019un jour.<\/p>\n<p><span style=\"color: #000000;\">Contenu embarqu\u00e9 depuis d\u2019autres sites<\/span><\/p>\n<p>Donn\u00e9es nativement collect\u00e9es par WordPress : les articles de ce site peuvent inclure des contenus int\u00e9gr\u00e9s (par exemple des vid\u00e9os, images, articles\u2026). Le contenu int\u00e9gr\u00e9 depuis d\u2019autres sites se comporte de la m\u00eame mani\u00e8re que si le visiteur se rendait sur cet autre site.<\/p>\n<p>Ces sites web pourraient collecter des donn\u00e9es sur vous, utiliser des cookies, embarquer des outils de suivis tiers, suivre vos interactions avec ces contenus embarqu\u00e9s si vous disposez d\u2019un compte connect\u00e9 sur leur site web.<\/p>\n<p><span style=\"color: #000000;\">Statistiques et mesures d\u2019audience<\/span><\/p>\n<p>Par d\u00e9faut, WordPress ne collecte aucune statistique des visites.<\/p>\n<p><span style=\"color: #000000;\">La politique de confidentialit\u00e9 de Google analytics, plate-forme utilis\u00e9e pour l\u2019analyse statistique du site peut-\u00eatre consult\u00e9e <a style=\"color: #000000;\" href=\"https:\/\/www.google.com\/analytics\/learn\/privacy.html?hl=fr\">ici<\/a>.<\/span><\/p>\n<\/div>\n<\/section>\n","protected":false},"excerpt":{"rendered":"<p>1. Statut\/D\u00e9nomination sociale en cours d\u2019immatriculation au Greffe de La Roche sur Yon D\u00e9nomination sociale : EIRL Laurent Van [&hellip;]<\/p>\n","protected":false},"author":1,"featured_media":0,"parent":0,"menu_order":0,"comment_status":"closed","ping_status":"closed","template":"","meta":[],"_links":{"self":[{"href":"https:\/\/new.breakandstart.fr\/index.php\/wp-json\/wp\/v2\/pages\/990"}],"collection":[{"href":"https:\/\/new.breakandstart.fr\/index.php\/wp-json\/wp\/v2\/pages"}],"about":[{"href":"https:\/\/new.breakandstart.fr\/index.php\/wp-json\/wp\/v2\/types\/page"}],"author":[{"embeddable":true,"href":"https:\/\/new.breakandstart.fr\/index.php\/wp-json\/wp\/v2\/users\/1"}],"replies":[{"embeddable":true,"href":"https:\/\/new.breakandstart.fr\/index.php\/wp-json\/wp\/v2\/comments?post=990"}],"version-history":[{"count":0,"href":"https:\/\/new.breakandstart.fr\/index.php\/wp-json\/wp\/v2\/pages\/990\/revisions"}],"wp:attachment":[{"href":"https:\/\/new.breakandstart.fr\/index.php\/wp-json\/wp\/v2\/media?parent=990"}],"curies":[{"name":"wp","href":"https:\/\/api.w.org\/{rel}","templated":true}]}}